{"id":2645,"date":"2025-01-28T01:16:14","date_gmt":"2025-01-28T00:16:14","guid":{"rendered":"https:\/\/wundshop.v2202409233605284516.goodsrv.de\/?post_type=product&#038;p=2645"},"modified":"2025-01-28T01:17:31","modified_gmt":"2025-01-28T00:17:31","slug":"gebrauchsfertige-alkoholische-loesung-1000-ml","status":"publish","type":"product","link":"https:\/\/wundshop.v2202409233605284516.goodsrv.de\/?product=gebrauchsfertige-alkoholische-loesung-1000-ml","title":{"rendered":"Gebrauchsfertige alkoholische L\u00f6sung 1000 ml"},"content":{"rendered":"<h2 class=\"sqGkiQr o__5g37oh---typography-11-runningText o__5g37oh---priority-7-primary _HOcyB x4nptw sxbtulv\" aria-hidden=\"false\" data-hook=\"info-section-title\">12370274<\/h2>\n<div class=\"aecizt QfrfFD cell\"><\/div>\n<div class=\"rah-static rah-static--height-auto\" aria-hidden=\"false\">\n<div>\n<div class=\"ulKuLk QfrfFD cell\">\n<div class=\"zp8uy2\" data-hook=\"info-section-description\">1 St. 1000 ml<\/div>\n<\/div>\n<\/div>\n<\/div>\n","protected":false},"excerpt":{"rendered":"<p>Gebrauchsfertige alkoholische L\u00f6sung Anwendungsbereiche zur Desinfektion von Fl\u00e4chen und Medizinprodukten zur Desinfektion von alkoholresistenten Fl\u00e4chen (gem. Biozidprodukte-Verordnung), insbesondere von Fl\u00e4chen mit \u00dcbertragungsrisiken nach RKI und Medizinprodukten im Sinne des Medizinproduktegesetzes (MPG) dient der Schnelldesinfektion von Oberfl\u00e4chen und nicht-invasiven Medizinprodukten<\/p>\n","protected":false},"featured_media":2646,"comment_status":"open","ping_status":"closed","template":"","meta":{"_seopress_robots_primary_cat":"","_seopress_titles_title":"","_seopress_titles_desc":"","_seopress_robots_index":""},"product_brand":[],"product_cat":[114],"product_tag":[1026,1027,1023,1024,1022,1025,1030,1033,1032,1029,1031,1028],"class_list":{"0":"post-2645","1":"product","2":"type-product","3":"status-publish","4":"has-post-thumbnail","6":"product_cat-flaechendesinfektion","7":"product_tag-alkoholresistente-flaechen","8":"product_tag-biozidprodukte-verordnung","9":"product_tag-desinfektion","10":"product_tag-flaechen","11":"product_tag-gebrauchsfertige-alkoholische-loesung","12":"product_tag-medizinprodukte","13":"product_tag-medizinproduktegesetz","14":"product_tag-nicht-invasive-medizinprodukte","15":"product_tag-oberflaechen","16":"product_tag-rki","17":"product_tag-schnelldesinfektion","18":"product_tag-uebertragungsrisiken","21":"instock","22":"shipping-taxable","23":"purchasable","24":"product-type-simple"},"_links":{"self":[{"href":"https:\/\/wundshop.v2202409233605284516.goodsrv.de\/index.php?rest_route=\/wp\/v2\/product\/2645","targetHints":{"allow":["GET"]}}],"collection":[{"href":"https:\/\/wundshop.v2202409233605284516.goodsrv.de\/index.php?rest_route=\/wp\/v2\/product"}],"about":[{"href":"https:\/\/wundshop.v2202409233605284516.goodsrv.de\/index.php?rest_route=\/wp\/v2\/types\/product"}],"replies":[{"embeddable":true,"href":"https:\/\/wundshop.v2202409233605284516.goodsrv.de\/index.php?rest_route=%2Fwp%2Fv2%2Fcomments&post=2645"}],"version-history":[{"count":2,"href":"https:\/\/wundshop.v2202409233605284516.goodsrv.de\/index.php?rest_route=\/wp\/v2\/product\/2645\/revisions"}],"predecessor-version":[{"id":2649,"href":"https:\/\/wundshop.v2202409233605284516.goodsrv.de\/index.php?rest_route=\/wp\/v2\/product\/2645\/revisions\/2649"}],"wp:featuredmedia":[{"embeddable":true,"href":"https:\/\/wundshop.v2202409233605284516.goodsrv.de\/index.php?rest_route=\/wp\/v2\/media\/2646"}],"wp:attachment":[{"href":"https:\/\/wundshop.v2202409233605284516.goodsrv.de\/index.php?rest_route=%2Fwp%2Fv2%2Fmedia&parent=2645"}],"wp:term":[{"taxonomy":"product_brand","embeddable":true,"href":"https:\/\/wundshop.v2202409233605284516.goodsrv.de\/index.php?rest_route=%2Fwp%2Fv2%2Fproduct_brand&post=2645"},{"taxonomy":"product_cat","embeddable":true,"href":"https:\/\/wundshop.v2202409233605284516.goodsrv.de\/index.php?rest_route=%2Fwp%2Fv2%2Fproduct_cat&post=2645"},{"taxonomy":"product_tag","embeddable":true,"href":"https:\/\/wundshop.v2202409233605284516.goodsrv.de\/index.php?rest_route=%2Fwp%2Fv2%2Fproduct_tag&post=2645"}],"curies":[{"name":"wp","href":"https:\/\/api.w.org\/{rel}","templated":true}]}}