{"id":2643,"date":"2025-01-28T01:13:54","date_gmt":"2025-01-28T00:13:54","guid":{"rendered":"https:\/\/wundshop.v2202409233605284516.goodsrv.de\/?post_type=product&#038;p=2643"},"modified":"2025-01-28T01:13:54","modified_gmt":"2025-01-28T00:13:54","slug":"ethanolisches-haendedesinfektionsmittel-1000-ml","status":"publish","type":"product","link":"https:\/\/wundshop.v2202409233605284516.goodsrv.de\/?product=ethanolisches-haendedesinfektionsmittel-1000-ml","title":{"rendered":"Ethanolisches H\u00e4ndedesinfektionsmittel 1000 ml"},"content":{"rendered":"<h2 class=\"sqGkiQr o__5g37oh---typography-11-runningText o__5g37oh---priority-7-primary _HOcyB x4nptw sxbtulv\" aria-hidden=\"false\" data-hook=\"info-section-title\">12370593<\/h2>\n<div class=\"aecizt QfrfFD cell\"><\/div>\n<div class=\"rah-static rah-static--height-auto\" aria-hidden=\"false\">\n<div>\n<div class=\"ulKuLk QfrfFD cell\">\n<div class=\"zp8uy2\" data-hook=\"info-section-description\">1 St. 1000 ml<\/div>\n<\/div>\n<\/div>\n<\/div>\n","protected":false},"excerpt":{"rendered":"<section class=\"Jgs2b9\">\n<div class=\"WAZqE7 QfrfFD cell\">\n<section class=\"Va_ZoC\" data-hook=\"description-wrapper\">\n<div class=\"LvOu6J\">\n<div class=\"vaI0UH\" data-hook=\"content-wrapper\">\n<p>Das ethanolische H\u00e4ndedesinfektionsmittel eignet sich sowohl f\u00fcr die hygienische als auch f\u00fcr die chirurgische H\u00e4ndedesinfektion. Es t\u00f6tet zuverl\u00e4ssig Bakterien, Viren und Pilze ab und tr\u00e4gt somit zur Verringerung der \u00dcbertragung von Infektionskrankheiten bei. Das Desinfektionsmittel enth\u00e4lt Ethanol als Wirkstoff und ist in verschiedenen Gr\u00f6\u00dfen erh\u00e4ltlich.<\/p>\n<\/div>\n<\/div>\n<\/section>\n<\/div>\n<div class=\"QfrfFD cell\">\n<div id=\"TPAMultiSection_lgci09hg.product-page-details-4\" class=\"\" data-hook=\"slot-placeholder-TPAMultiSection_lgci09hg.product-page-details-4\"><\/div>\n<\/div>\n<\/section>\n<section class=\"Jgs2b9\">\n<div class=\"QfrfFD cell\"><\/div>\n<\/section>\n","protected":false},"featured_media":0,"comment_status":"open","ping_status":"closed","template":"","meta":{"_seopress_robots_primary_cat":"","_seopress_titles_title":"","_seopress_titles_desc":"","_seopress_robots_index":""},"product_brand":[],"product_cat":[113],"product_tag":[1016,1015,171,1020,1013,1014,1019,1018,725,1017,1021],"class_list":{"0":"post-2643","1":"product","2":"type-product","3":"status-publish","5":"product_cat-haendedesinfektion","6":"product_tag-bakterien","7":"product_tag-chirurgische-haendedesinfektion","8":"product_tag-desinfektionsmittel","9":"product_tag-ethanol","10":"product_tag-ethanolisches-haendedesinfektionsmittel","11":"product_tag-hygienische-haendedesinfektion","12":"product_tag-infektionskrankheiten","13":"product_tag-pilze","14":"product_tag-verschiedene-groessen","15":"product_tag-viren","16":"product_tag-wirkstoff","19":"instock","20":"shipping-taxable","21":"purchasable","22":"product-type-simple"},"_links":{"self":[{"href":"https:\/\/wundshop.v2202409233605284516.goodsrv.de\/index.php?rest_route=\/wp\/v2\/product\/2643","targetHints":{"allow":["GET"]}}],"collection":[{"href":"https:\/\/wundshop.v2202409233605284516.goodsrv.de\/index.php?rest_route=\/wp\/v2\/product"}],"about":[{"href":"https:\/\/wundshop.v2202409233605284516.goodsrv.de\/index.php?rest_route=\/wp\/v2\/types\/product"}],"replies":[{"embeddable":true,"href":"https:\/\/wundshop.v2202409233605284516.goodsrv.de\/index.php?rest_route=%2Fwp%2Fv2%2Fcomments&post=2643"}],"version-history":[{"count":1,"href":"https:\/\/wundshop.v2202409233605284516.goodsrv.de\/index.php?rest_route=\/wp\/v2\/product\/2643\/revisions"}],"predecessor-version":[{"id":2644,"href":"https:\/\/wundshop.v2202409233605284516.goodsrv.de\/index.php?rest_route=\/wp\/v2\/product\/2643\/revisions\/2644"}],"wp:attachment":[{"href":"https:\/\/wundshop.v2202409233605284516.goodsrv.de\/index.php?rest_route=%2Fwp%2Fv2%2Fmedia&parent=2643"}],"wp:term":[{"taxonomy":"product_brand","embeddable":true,"href":"https:\/\/wundshop.v2202409233605284516.goodsrv.de\/index.php?rest_route=%2Fwp%2Fv2%2Fproduct_brand&post=2643"},{"taxonomy":"product_cat","embeddable":true,"href":"https:\/\/wundshop.v2202409233605284516.goodsrv.de\/index.php?rest_route=%2Fwp%2Fv2%2Fproduct_cat&post=2643"},{"taxonomy":"product_tag","embeddable":true,"href":"https:\/\/wundshop.v2202409233605284516.goodsrv.de\/index.php?rest_route=%2Fwp%2Fv2%2Fproduct_tag&post=2643"}],"curies":[{"name":"wp","href":"https:\/\/api.w.org\/{rel}","templated":true}]}}