{"id":2640,"date":"2025-01-28T01:11:56","date_gmt":"2025-01-28T00:11:56","guid":{"rendered":"https:\/\/wundshop.v2202409233605284516.goodsrv.de\/?post_type=product&#038;p=2640"},"modified":"2025-01-28T01:11:56","modified_gmt":"2025-01-28T00:11:56","slug":"vliwazell-pro-10-x-20-cm-steril-10-st","status":"publish","type":"product","link":"https:\/\/wundshop.v2202409233605284516.goodsrv.de\/?product=vliwazell-pro-10-x-20-cm-steril-10-st","title":{"rendered":"Vliwazell Pro 10 x 20 cm steril, 10 St."},"content":{"rendered":"<h2 class=\"sqGkiQr o__5g37oh---typography-11-runningText o__5g37oh---priority-7-primary _HOcyB x4nptw sxbtulv\" aria-hidden=\"false\" data-hook=\"info-section-title\">14005159<\/h2>\n<div class=\"aecizt QfrfFD cell\"><\/div>\n<div class=\"rah-static rah-static--height-auto\" aria-hidden=\"false\">\n<div>\n<div class=\"ulKuLk QfrfFD cell\">\n<div class=\"zp8uy2\" data-hook=\"info-section-description\">10 St.<\/div>\n<\/div>\n<\/div>\n<\/div>\n","protected":false},"excerpt":{"rendered":"<section class=\"Jgs2b9\">\n<div class=\"WAZqE7 QfrfFD cell\">\n<section class=\"Va_ZoC\" data-hook=\"description-wrapper\">\n<div class=\"LvOu6J\">\n<div class=\"vaI0UH\" data-hook=\"content-wrapper\">\n<p>Die Saugkompresse mit Superabsorber eignet sich f\u00fcr eine Vielzahl von Wunden, darunter arterielle und ven\u00f6se Ulcera, diabetische Ulcera, Druckgeschw\u00fcre und postoperative Wunden. Die Kompresse bietet eine sehr starke Saugleistung und eine hohe Aufnahme- und Bindekapazit\u00e4t von Wundexsudat und darin befindlichen Bakterien. Die stabile Formbest\u00e4ndigkeit f\u00fchrt zu einem erh\u00f6hten Patientenkomfort und die leichte Anmodellierbarkeit erm\u00f6glicht eine einfache Fixierung. Zudem sch\u00fctzt der praktische W\u00e4scheschutz Kleidung und Bettw\u00e4sche vor Durchn\u00e4ssung.<\/p>\n<\/div>\n<\/div>\n<\/section>\n<\/div>\n<div class=\"QfrfFD cell\">\n<div id=\"TPAMultiSection_lgci09hg.product-page-details-4\" class=\"\" data-hook=\"slot-placeholder-TPAMultiSection_lgci09hg.product-page-details-4\"><\/div>\n<\/div>\n<\/section>\n<section class=\"Jgs2b9\">\n<div class=\"QfrfFD cell\"><\/div>\n<\/section>\n","protected":false},"featured_media":2641,"comment_status":"open","ping_status":"closed","template":"","meta":{"_seopress_robots_primary_cat":"","_seopress_titles_title":"","_seopress_titles_desc":"","_seopress_robots_index":""},"product_brand":[],"product_cat":[109],"product_tag":[1009,945,954,1011,947,989,1012,1010,1008,1006,395,994,964,1003,1005,1004,946,1000,1007],"class_list":{"0":"post-2640","1":"product","2":"type-product","3":"status-publish","4":"has-post-thumbnail","6":"product_cat-kompressen","7":"product_tag-anmodellierbarkeit","8":"product_tag-arterielle-ulcera","9":"product_tag-bakterienbindung","10":"product_tag-bettwaesche","11":"product_tag-diabetische-ulcera","12":"product_tag-druckgeschwuere","13":"product_tag-durchnaessungsschutz","14":"product_tag-fixierung","15":"product_tag-formbestaendigkeit","16":"product_tag-hohe-aufnahme-und-bindekapazitaet","17":"product_tag-kleidung","18":"product_tag-patientenkomfort","19":"product_tag-postoperative-wunden","20":"product_tag-saugkompresse","21":"product_tag-starke-saugleistung","22":"product_tag-superabsorber","23":"product_tag-venoese-ulcera","24":"product_tag-waescheschutz","25":"product_tag-wundexsudat","28":"instock","29":"shipping-taxable","30":"purchasable","31":"product-type-simple"},"_links":{"self":[{"href":"https:\/\/wundshop.v2202409233605284516.goodsrv.de\/index.php?rest_route=\/wp\/v2\/product\/2640","targetHints":{"allow":["GET"]}}],"collection":[{"href":"https:\/\/wundshop.v2202409233605284516.goodsrv.de\/index.php?rest_route=\/wp\/v2\/product"}],"about":[{"href":"https:\/\/wundshop.v2202409233605284516.goodsrv.de\/index.php?rest_route=\/wp\/v2\/types\/product"}],"replies":[{"embeddable":true,"href":"https:\/\/wundshop.v2202409233605284516.goodsrv.de\/index.php?rest_route=%2Fwp%2Fv2%2Fcomments&post=2640"}],"version-history":[{"count":1,"href":"https:\/\/wundshop.v2202409233605284516.goodsrv.de\/index.php?rest_route=\/wp\/v2\/product\/2640\/revisions"}],"predecessor-version":[{"id":2642,"href":"https:\/\/wundshop.v2202409233605284516.goodsrv.de\/index.php?rest_route=\/wp\/v2\/product\/2640\/revisions\/2642"}],"wp:featuredmedia":[{"embeddable":true,"href":"https:\/\/wundshop.v2202409233605284516.goodsrv.de\/index.php?rest_route=\/wp\/v2\/media\/2641"}],"wp:attachment":[{"href":"https:\/\/wundshop.v2202409233605284516.goodsrv.de\/index.php?rest_route=%2Fwp%2Fv2%2Fmedia&parent=2640"}],"wp:term":[{"taxonomy":"product_brand","embeddable":true,"href":"https:\/\/wundshop.v2202409233605284516.goodsrv.de\/index.php?rest_route=%2Fwp%2Fv2%2Fproduct_brand&post=2640"},{"taxonomy":"product_cat","embeddable":true,"href":"https:\/\/wundshop.v2202409233605284516.goodsrv.de\/index.php?rest_route=%2Fwp%2Fv2%2Fproduct_cat&post=2640"},{"taxonomy":"product_tag","embeddable":true,"href":"https:\/\/wundshop.v2202409233605284516.goodsrv.de\/index.php?rest_route=%2Fwp%2Fv2%2Fproduct_tag&post=2640"}],"curies":[{"name":"wp","href":"https:\/\/api.w.org\/{rel}","templated":true}]}}