{"id":2636,"date":"2025-01-28T01:09:24","date_gmt":"2025-01-28T00:09:24","guid":{"rendered":"https:\/\/wundshop.v2202409233605284516.goodsrv.de\/?post_type=product&#038;p=2636"},"modified":"2025-01-28T01:09:24","modified_gmt":"2025-01-28T00:09:24","slug":"vliwazell-10x20cm-100-st","status":"publish","type":"product","link":"https:\/\/wundshop.v2202409233605284516.goodsrv.de\/?product=vliwazell-10x20cm-100-st","title":{"rendered":"Vliwazell 10x20cm, 100 St."},"content":{"rendered":"<h2 class=\"sqGkiQr o__5g37oh---typography-11-runningText o__5g37oh---priority-7-primary _HOcyB x4nptw sxbtulv\" aria-hidden=\"false\" data-hook=\"info-section-title\">00809658<\/h2>\n<div class=\"aecizt QfrfFD cell\"><\/div>\n<div class=\"rah-static rah-static--height-auto\" aria-hidden=\"false\">\n<div>\n<div class=\"ulKuLk QfrfFD cell\">\n<div class=\"zp8uy2\" data-hook=\"info-section-description\">100 St.<\/div>\n<\/div>\n<\/div>\n<\/div>\n","protected":false},"excerpt":{"rendered":"<section class=\"Jgs2b9\">\n<div class=\"WAZqE7 QfrfFD cell\">\n<section class=\"Va_ZoC\" data-hook=\"description-wrapper\">\n<div class=\"LvOu6J\">\n<div class=\"vaI0UH\" data-hook=\"content-wrapper\">\n<p>Diese hochsaugf\u00e4hige Wundauflage ist eine mehrschichtige Saugkompresse, die speziell f\u00fcr mittel bis stark exsudierende Wunden entwickelt wurde. Die Wundauflage ist wundfreundlich und verf\u00fcgt \u00fcber einen W\u00e4scheschutz, um ein Verkleben mit der Wunde zu vermeiden. Sie ist unsteril und eignet sich ideal f\u00fcr den Einsatz in der h\u00e4uslichen Pflege.<\/p>\n<\/div>\n<\/div>\n<\/section>\n<\/div>\n<div class=\"QfrfFD cell\">\n<div id=\"TPAMultiSection_lgci09hg.product-page-details-4\" class=\"\" data-hook=\"slot-placeholder-TPAMultiSection_lgci09hg.product-page-details-4\"><\/div>\n<\/div>\n<\/section>\n<section class=\"Jgs2b9\">\n<div class=\"QfrfFD cell\"><\/div>\n<\/section>\n","protected":false},"featured_media":2637,"comment_status":"open","ping_status":"closed","template":"","meta":{"_seopress_robots_primary_cat":"","_seopress_titles_title":"","_seopress_titles_desc":"","_seopress_robots_index":""},"product_brand":[],"product_cat":[111],"product_tag":[1002,995,997,998,681,1001,1000,996,999],"class_list":{"0":"post-2636","1":"product","2":"type-product","3":"status-publish","4":"has-post-thumbnail","6":"product_cat-wundauflage","7":"product_tag-haeusliche-pflege","8":"product_tag-hochabsorbierend","9":"product_tag-mehrschichtige-saugkompresse","10":"product_tag-mittel-bis-stark-exsudierende-wunden","11":"product_tag-unsteril","12":"product_tag-verkleben-vermeiden","13":"product_tag-waescheschutz","14":"product_tag-wundauflage","15":"product_tag-wundfreundlich","18":"instock","19":"shipping-taxable","20":"purchasable","21":"product-type-simple"},"_links":{"self":[{"href":"https:\/\/wundshop.v2202409233605284516.goodsrv.de\/index.php?rest_route=\/wp\/v2\/product\/2636","targetHints":{"allow":["GET"]}}],"collection":[{"href":"https:\/\/wundshop.v2202409233605284516.goodsrv.de\/index.php?rest_route=\/wp\/v2\/product"}],"about":[{"href":"https:\/\/wundshop.v2202409233605284516.goodsrv.de\/index.php?rest_route=\/wp\/v2\/types\/product"}],"replies":[{"embeddable":true,"href":"https:\/\/wundshop.v2202409233605284516.goodsrv.de\/index.php?rest_route=%2Fwp%2Fv2%2Fcomments&post=2636"}],"version-history":[{"count":1,"href":"https:\/\/wundshop.v2202409233605284516.goodsrv.de\/index.php?rest_route=\/wp\/v2\/product\/2636\/revisions"}],"predecessor-version":[{"id":2639,"href":"https:\/\/wundshop.v2202409233605284516.goodsrv.de\/index.php?rest_route=\/wp\/v2\/product\/2636\/revisions\/2639"}],"wp:featuredmedia":[{"embeddable":true,"href":"https:\/\/wundshop.v2202409233605284516.goodsrv.de\/index.php?rest_route=\/wp\/v2\/media\/2637"}],"wp:attachment":[{"href":"https:\/\/wundshop.v2202409233605284516.goodsrv.de\/index.php?rest_route=%2Fwp%2Fv2%2Fmedia&parent=2636"}],"wp:term":[{"taxonomy":"product_brand","embeddable":true,"href":"https:\/\/wundshop.v2202409233605284516.goodsrv.de\/index.php?rest_route=%2Fwp%2Fv2%2Fproduct_brand&post=2636"},{"taxonomy":"product_cat","embeddable":true,"href":"https:\/\/wundshop.v2202409233605284516.goodsrv.de\/index.php?rest_route=%2Fwp%2Fv2%2Fproduct_cat&post=2636"},{"taxonomy":"product_tag","embeddable":true,"href":"https:\/\/wundshop.v2202409233605284516.goodsrv.de\/index.php?rest_route=%2Fwp%2Fv2%2Fproduct_tag&post=2636"}],"curies":[{"name":"wp","href":"https:\/\/api.w.org\/{rel}","templated":true}]}}