{"id":2616,"date":"2025-01-28T00:55:50","date_gmt":"2025-01-27T23:55:50","guid":{"rendered":"https:\/\/wundshop.v2202409233605284516.goodsrv.de\/?post_type=product&#038;p=2616"},"modified":"2025-01-28T00:55:50","modified_gmt":"2025-01-27T23:55:50","slug":"suprasorb-a-ag-calciumalginat-kompresse-5-x-5-cm","status":"publish","type":"product","link":"https:\/\/wundshop.v2202409233605284516.goodsrv.de\/?product=suprasorb-a-ag-calciumalginat-kompresse-5-x-5-cm","title":{"rendered":"Suprasorb A + AG Calciumalginat-Kompresse 5 x 5 cm"},"content":{"rendered":"<h2 class=\"sqGkiQr o__5g37oh---typography-11-runningText o__5g37oh---priority-7-primary _HOcyB x4nptw sxbtulv\" aria-hidden=\"false\" data-hook=\"info-section-title\">07402173<\/h2>\n<div class=\"aecizt QfrfFD cell\"><\/div>\n<div class=\"rah-static rah-static--height-auto\" aria-hidden=\"false\">\n<div>\n<div class=\"ulKuLk QfrfFD cell\">\n<div class=\"zp8uy2\" data-hook=\"info-section-description\">8 St.<\/div>\n<\/div>\n<\/div>\n<\/div>\n","protected":false},"excerpt":{"rendered":"<section class=\"Jgs2b9\">\n<div class=\"WAZqE7 QfrfFD cell\">\n<section class=\"Va_ZoC\" data-hook=\"description-wrapper\">\n<div class=\"LvOu6J\">\n<div class=\"vaI0UH\" data-hook=\"content-wrapper\">\n<p>Der antimikrobielle Calciumalginat-Verband Suprasorb\u00ae A + Ag bietet eine wirksame Kombination aus nat\u00fcrlichem Calciumalginat und antimikrobiellem Silber, die zur Sauberkeit und Keimreduktion in Wunden beitr\u00e4gt. Der Verband ist besonders geeignet zur Behandlung von Dekubitus, arteriellen und ven\u00f6sen Ulcera, diabetischen Ulcera, postoperativen Wunden und Spalthautentnahmestellen. Durch seine hohe Exsudataufnahmekapazit\u00e4t, Anschmiegsamkeit und Weichheit f\u00f6rdert er die Wundheilung und schafft ein feuchtes Wundklima.<\/p>\n<\/div>\n<\/div>\n<\/section>\n<\/div>\n<div class=\"QfrfFD cell\">\n<div id=\"TPAMultiSection_lgci09hg.product-page-details-4\" class=\"\" data-hook=\"slot-placeholder-TPAMultiSection_lgci09hg.product-page-details-4\"><\/div>\n<\/div>\n<\/section>\n<section class=\"Jgs2b9\">\n<div class=\"QfrfFD cell\"><\/div>\n<\/section>\n","protected":false},"featured_media":2617,"comment_status":"open","ping_status":"closed","template":"","meta":{"_seopress_robots_primary_cat":"","_seopress_titles_title":"","_seopress_titles_desc":"","_seopress_robots_index":""},"product_brand":[],"product_cat":[109],"product_tag":[965,958,961,945,959,949,947,937,943,963,964,962,948,960,946,966,602,398],"class_list":{"0":"post-2616","1":"product","2":"type-product","3":"status-publish","4":"has-post-thumbnail","6":"product_cat-kompressen","7":"product_tag-anschmiegsamkeit","8":"product_tag-antimikrobiell","9":"product_tag-antimikrobielles-silber","10":"product_tag-arterielle-ulcera","11":"product_tag-calciumalginat-verband","12":"product_tag-dekubitus","13":"product_tag-diabetische-ulcera","14":"product_tag-feuchtes-wundklima","15":"product_tag-hohe-exsudataufnahme","16":"product_tag-keimreduktion","17":"product_tag-postoperative-wunden","18":"product_tag-sauberkeit","19":"product_tag-spalthautentnahmestellen","20":"product_tag-suprasorb-a-ag","21":"product_tag-venoese-ulcera","22":"product_tag-weichheit","23":"product_tag-wundbehandlung","24":"product_tag-wundheilung","27":"instock","28":"shipping-taxable","29":"purchasable","30":"product-type-simple"},"_links":{"self":[{"href":"https:\/\/wundshop.v2202409233605284516.goodsrv.de\/index.php?rest_route=\/wp\/v2\/product\/2616","targetHints":{"allow":["GET"]}}],"collection":[{"href":"https:\/\/wundshop.v2202409233605284516.goodsrv.de\/index.php?rest_route=\/wp\/v2\/product"}],"about":[{"href":"https:\/\/wundshop.v2202409233605284516.goodsrv.de\/index.php?rest_route=\/wp\/v2\/types\/product"}],"replies":[{"embeddable":true,"href":"https:\/\/wundshop.v2202409233605284516.goodsrv.de\/index.php?rest_route=%2Fwp%2Fv2%2Fcomments&post=2616"}],"version-history":[{"count":1,"href":"https:\/\/wundshop.v2202409233605284516.goodsrv.de\/index.php?rest_route=\/wp\/v2\/product\/2616\/revisions"}],"predecessor-version":[{"id":2618,"href":"https:\/\/wundshop.v2202409233605284516.goodsrv.de\/index.php?rest_route=\/wp\/v2\/product\/2616\/revisions\/2618"}],"wp:featuredmedia":[{"embeddable":true,"href":"https:\/\/wundshop.v2202409233605284516.goodsrv.de\/index.php?rest_route=\/wp\/v2\/media\/2617"}],"wp:attachment":[{"href":"https:\/\/wundshop.v2202409233605284516.goodsrv.de\/index.php?rest_route=%2Fwp%2Fv2%2Fmedia&parent=2616"}],"wp:term":[{"taxonomy":"product_brand","embeddable":true,"href":"https:\/\/wundshop.v2202409233605284516.goodsrv.de\/index.php?rest_route=%2Fwp%2Fv2%2Fproduct_brand&post=2616"},{"taxonomy":"product_cat","embeddable":true,"href":"https:\/\/wundshop.v2202409233605284516.goodsrv.de\/index.php?rest_route=%2Fwp%2Fv2%2Fproduct_cat&post=2616"},{"taxonomy":"product_tag","embeddable":true,"href":"https:\/\/wundshop.v2202409233605284516.goodsrv.de\/index.php?rest_route=%2Fwp%2Fv2%2Fproduct_tag&post=2616"}],"curies":[{"name":"wp","href":"https:\/\/api.w.org\/{rel}","templated":true}]}}