{"id":2602,"date":"2025-01-28T00:45:16","date_gmt":"2025-01-27T23:45:16","guid":{"rendered":"https:\/\/wundshop.v2202409233605284516.goodsrv.de\/?post_type=product&#038;p=2602"},"modified":"2025-01-28T00:45:29","modified_gmt":"2025-01-27T23:45:29","slug":"polsterbinde-verbandwatte-10-cm-x-5-m","status":"publish","type":"product","link":"https:\/\/wundshop.v2202409233605284516.goodsrv.de\/?product=polsterbinde-verbandwatte-10-cm-x-5-m","title":{"rendered":"Polsterbinde Verbandwatte 10 cm x 5 m"},"content":{"rendered":"<h2 class=\"sqGkiQr o__5g37oh---typography-11-runningText o__5g37oh---priority-7-primary _HOcyB x4nptw sxbtulv\" aria-hidden=\"false\" data-hook=\"info-section-title\">00821688<\/h2>\n<div class=\"aecizt QfrfFD cell\"><\/div>\n<div class=\"rah-static rah-static--height-auto\" aria-hidden=\"false\">\n<div>\n<div class=\"ulKuLk QfrfFD cell\">\n<div class=\"zp8uy2\" data-hook=\"info-section-description\">1 St.<\/div>\n<\/div>\n<\/div>\n<\/div>\n","protected":false},"excerpt":{"rendered":"<section class=\"Jgs2b9\">\n<div class=\"WAZqE7 QfrfFD cell\">\n<section class=\"Va_ZoC\" data-hook=\"description-wrapper\">\n<div class=\"LvOu6J\">\n<div class=\"vaI0UH\" data-hook=\"content-wrapper\">\n<p>Die Polsterbinde mit einer Gr\u00f6\u00dfe von 10 cm x 5 m besteht aus Watte und ist f\u00fcr medizinische Zwecke nach DAB (50% Baumwolle, 50% Viskose) geeignet. Sie eignet sich zur Polsterung von Gips-, Kunststoff- und Zinkleimverb\u00e4nden und ist in einer Banderole verpackt. Anwendungsbereiche sind partielle, fl\u00e4chige oder zirkul\u00e4re Unterpolsterungen bei Gips-, Cast- und Schienenverb\u00e4nden. Die Polsterbinde bleibt dank der nicht entfetteten Baumwollfasern auch bei Feuchtigkeit bauschig.<\/p>\n<\/div>\n<\/div>\n<\/section>\n<\/div>\n<div class=\"QfrfFD cell\">\n<div id=\"TPAMultiSection_lgci09hg.product-page-details-4\" class=\"\" data-hook=\"slot-placeholder-TPAMultiSection_lgci09hg.product-page-details-4\"><\/div>\n<\/div>\n<\/section>\n<section class=\"Jgs2b9\">\n<div class=\"QfrfFD cell\"><\/div>\n<\/section>\n","protected":false},"featured_media":2604,"comment_status":"open","ping_status":"closed","template":"","meta":{"_seopress_robots_primary_cat":"","_seopress_titles_title":"","_seopress_titles_desc":"","_seopress_robots_index":""},"product_brand":[],"product_cat":[108],"product_tag":[914,918,919,924,928,926,917,929,921,922,916,930,913,920,927,925,915,923],"class_list":{"0":"post-2602","1":"product","2":"type-product","3":"status-publish","4":"has-post-thumbnail","6":"product_cat-binden","7":"product_tag-10-cm-x-5-m","8":"product_tag-50-baumwolle","9":"product_tag-50-viskose","10":"product_tag-banderole","11":"product_tag-bauschig","12":"product_tag-castverbaende","13":"product_tag-dab","14":"product_tag-feuchtigkeit","15":"product_tag-gipsverbaende","16":"product_tag-kunststoffverbaende","17":"product_tag-medizinische-verwendung","18":"product_tag-nicht-entfettete-baumwollfasern","19":"product_tag-polsterbinde","20":"product_tag-polsterung","21":"product_tag-schienenverbaende","22":"product_tag-unterpolsterungen","23":"product_tag-watte","24":"product_tag-zinkleimverbaende","27":"instock","28":"shipping-taxable","29":"purchasable","30":"product-type-simple"},"_links":{"self":[{"href":"https:\/\/wundshop.v2202409233605284516.goodsrv.de\/index.php?rest_route=\/wp\/v2\/product\/2602","targetHints":{"allow":["GET"]}}],"collection":[{"href":"https:\/\/wundshop.v2202409233605284516.goodsrv.de\/index.php?rest_route=\/wp\/v2\/product"}],"about":[{"href":"https:\/\/wundshop.v2202409233605284516.goodsrv.de\/index.php?rest_route=\/wp\/v2\/types\/product"}],"replies":[{"embeddable":true,"href":"https:\/\/wundshop.v2202409233605284516.goodsrv.de\/index.php?rest_route=%2Fwp%2Fv2%2Fcomments&post=2602"}],"version-history":[{"count":1,"href":"https:\/\/wundshop.v2202409233605284516.goodsrv.de\/index.php?rest_route=\/wp\/v2\/product\/2602\/revisions"}],"predecessor-version":[{"id":2603,"href":"https:\/\/wundshop.v2202409233605284516.goodsrv.de\/index.php?rest_route=\/wp\/v2\/product\/2602\/revisions\/2603"}],"wp:featuredmedia":[{"embeddable":true,"href":"https:\/\/wundshop.v2202409233605284516.goodsrv.de\/index.php?rest_route=\/wp\/v2\/media\/2604"}],"wp:attachment":[{"href":"https:\/\/wundshop.v2202409233605284516.goodsrv.de\/index.php?rest_route=%2Fwp%2Fv2%2Fmedia&parent=2602"}],"wp:term":[{"taxonomy":"product_brand","embeddable":true,"href":"https:\/\/wundshop.v2202409233605284516.goodsrv.de\/index.php?rest_route=%2Fwp%2Fv2%2Fproduct_brand&post=2602"},{"taxonomy":"product_cat","embeddable":true,"href":"https:\/\/wundshop.v2202409233605284516.goodsrv.de\/index.php?rest_route=%2Fwp%2Fv2%2Fproduct_cat&post=2602"},{"taxonomy":"product_tag","embeddable":true,"href":"https:\/\/wundshop.v2202409233605284516.goodsrv.de\/index.php?rest_route=%2Fwp%2Fv2%2Fproduct_tag&post=2602"}],"curies":[{"name":"wp","href":"https:\/\/api.w.org\/{rel}","templated":true}]}}