{"id":2554,"date":"2025-01-28T00:04:39","date_gmt":"2025-01-27T23:04:39","guid":{"rendered":"https:\/\/wundshop.v2202409233605284516.goodsrv.de\/?post_type=product&#038;p=2554"},"modified":"2025-01-28T00:04:40","modified_gmt":"2025-01-27T23:04:40","slug":"gazin-schlitzkompressen-mit-y-einschnitt-10-x-10-cm-steril","status":"publish","type":"product","link":"https:\/\/wundshop.v2202409233605284516.goodsrv.de\/?product=gazin-schlitzkompressen-mit-y-einschnitt-10-x-10-cm-steril","title":{"rendered":"Gazin Schlitzkompressen mit Y-Einschnitt 10 x 10 cm steril,"},"content":{"rendered":"<h2 class=\"sqGkiQr o__5g37oh---typography-11-runningText o__5g37oh---priority-7-primary _HOcyB x4nptw sxbtulv\" aria-hidden=\"false\" data-hook=\"info-section-title\">01511748<\/h2>\n<div class=\"aecizt QfrfFD cell\"><\/div>\n<div class=\"rah-static rah-static--height-auto\" aria-hidden=\"false\">\n<div>\n<div class=\"ulKuLk QfrfFD cell\">\n<div class=\"zp8uy2\" data-hook=\"info-section-description\">50 x2 St.<\/div>\n<\/div>\n<\/div>\n<\/div>\n","protected":false},"excerpt":{"rendered":"<section class=\"Jgs2b9\">\n<div class=\"WAZqE7 QfrfFD cell\">\n<section class=\"Va_ZoC\" data-hook=\"description-wrapper\">\n<div class=\"LvOu6J\">\n<div class=\"vaI0UH\" data-hook=\"content-wrapper\">\n<p>Dieses Verbandmullprodukt entspricht der Norm DIN EN 14079 und besteht aus 100% Baumwolle mit einer Fadenzahl von 17 und 20. Durch die Innenseiten der Schnittkanten entstehen keine Randf\u00e4den, was eine saubere Anwendung erm\u00f6glicht. Das Produkt ist sehr saugf\u00e4hig und enth\u00e4lt zudem einen R\u00f6ntgenkontrastfaden, der aus blauem Polypropylen, Polyestergarn und Bariumsulfat besteht. Es eignet sich f\u00fcr die Wundreinigung, Wundabdeckung und das Aufsaugen von K\u00f6rperfl\u00fcssigkeiten und wird im Anwendungsbereich 13604 empfohlen.<\/p>\n<\/div>\n<\/div>\n<\/section>\n<\/div>\n<div class=\"QfrfFD cell\">\n<div id=\"TPAMultiSection_lgci09hg.product-page-details-4\" class=\"\" data-hook=\"slot-placeholder-TPAMultiSection_lgci09hg.product-page-details-4\"><\/div>\n<\/div>\n<\/section>\n<section class=\"Jgs2b9\">\n<div class=\"QfrfFD cell\"><\/div>\n<\/section>\n","protected":false},"featured_media":2555,"comment_status":"open","ping_status":"closed","template":"","meta":{"_seopress_robots_primary_cat":"","_seopress_titles_title":"","_seopress_titles_desc":"","_seopress_robots_index":""},"product_brand":[],"product_cat":[109],"product_tag":[677,843,758,850,832,497,827,670,844,837,846,831,830,845,760,833,666],"class_list":{"0":"post-2554","1":"product","2":"type-product","3":"status-publish","4":"has-post-thumbnail","6":"product_cat-kompressen","7":"product_tag-100-baumwolle","8":"product_tag-17-faedig","9":"product_tag-20-faedig","10":"product_tag-anwendungsbereich-13604","11":"product_tag-bariumsulfat","12":"product_tag-blau","13":"product_tag-din-en-14079","14":"product_tag-hohe-saugfaehigkeit","15":"product_tag-innenschnittkanten","16":"product_tag-keine-randfaeden","17":"product_tag-koerperfluessigkeiten","18":"product_tag-polyestergarn","19":"product_tag-polypropylen","20":"product_tag-roentgenkontrastfaden","21":"product_tag-verbandmull","22":"product_tag-wundabdeckung","23":"product_tag-wundreinigung","26":"instock","27":"shipping-taxable","28":"purchasable","29":"product-type-simple"},"_links":{"self":[{"href":"https:\/\/wundshop.v2202409233605284516.goodsrv.de\/index.php?rest_route=\/wp\/v2\/product\/2554","targetHints":{"allow":["GET"]}}],"collection":[{"href":"https:\/\/wundshop.v2202409233605284516.goodsrv.de\/index.php?rest_route=\/wp\/v2\/product"}],"about":[{"href":"https:\/\/wundshop.v2202409233605284516.goodsrv.de\/index.php?rest_route=\/wp\/v2\/types\/product"}],"replies":[{"embeddable":true,"href":"https:\/\/wundshop.v2202409233605284516.goodsrv.de\/index.php?rest_route=%2Fwp%2Fv2%2Fcomments&post=2554"}],"version-history":[{"count":1,"href":"https:\/\/wundshop.v2202409233605284516.goodsrv.de\/index.php?rest_route=\/wp\/v2\/product\/2554\/revisions"}],"predecessor-version":[{"id":2556,"href":"https:\/\/wundshop.v2202409233605284516.goodsrv.de\/index.php?rest_route=\/wp\/v2\/product\/2554\/revisions\/2556"}],"wp:featuredmedia":[{"embeddable":true,"href":"https:\/\/wundshop.v2202409233605284516.goodsrv.de\/index.php?rest_route=\/wp\/v2\/media\/2555"}],"wp:attachment":[{"href":"https:\/\/wundshop.v2202409233605284516.goodsrv.de\/index.php?rest_route=%2Fwp%2Fv2%2Fmedia&parent=2554"}],"wp:term":[{"taxonomy":"product_brand","embeddable":true,"href":"https:\/\/wundshop.v2202409233605284516.goodsrv.de\/index.php?rest_route=%2Fwp%2Fv2%2Fproduct_brand&post=2554"},{"taxonomy":"product_cat","embeddable":true,"href":"https:\/\/wundshop.v2202409233605284516.goodsrv.de\/index.php?rest_route=%2Fwp%2Fv2%2Fproduct_cat&post=2554"},{"taxonomy":"product_tag","embeddable":true,"href":"https:\/\/wundshop.v2202409233605284516.goodsrv.de\/index.php?rest_route=%2Fwp%2Fv2%2Fproduct_tag&post=2554"}],"curies":[{"name":"wp","href":"https:\/\/api.w.org\/{rel}","templated":true}]}}