{"id":2546,"date":"2025-01-27T23:54:00","date_gmt":"2025-01-27T22:54:00","guid":{"rendered":"https:\/\/wundshop.v2202409233605284516.goodsrv.de\/?post_type=product&#038;p=2546"},"modified":"2025-01-27T23:54:00","modified_gmt":"2025-01-27T22:54:00","slug":"gazin-kompressen-8-fach-75x75cm-steril-5x2-10-kompressen","status":"publish","type":"product","link":"https:\/\/wundshop.v2202409233605284516.goodsrv.de\/?product=gazin-kompressen-8-fach-75x75cm-steril-5x2-10-kompressen","title":{"rendered":"Gazin Kompressen 8-fach 7,5&#215;7,5cm steril 5&#215;2 (10 Kompressen)"},"content":{"rendered":"<div class=\"QfrfFD cell\">\n<h1 class=\"OXQzmM\" data-hook=\"product-title\"><span style=\"font-size: 16px;\">03448971<\/span><\/h1>\n<\/div>\n<div class=\"pszKa5 QfrfFD cell\">\n<div class=\"aecizt QfrfFD cell\"><\/div>\n<div class=\"rah-static rah-static--height-auto\" aria-hidden=\"false\">\n<div>\n<div class=\"ulKuLk QfrfFD cell\">\n<div class=\"zp8uy2\" data-hook=\"info-section-description\">5 x 2 St.<\/div>\n<\/div>\n<\/div>\n<\/div>\n<\/div>\n","protected":false},"excerpt":{"rendered":"<section class=\"Jgs2b9\">\n<div class=\"WAZqE7 QfrfFD cell\">\n<section class=\"Va_ZoC\" data-hook=\"description-wrapper\">\n<div class=\"LvOu6J\">\n<div class=\"vaI0UH\" data-hook=\"content-wrapper\">\n<p>Die Verbandmullprodukte nach DIN EN 14079 bestehen aus 100% Baumwolle, haben 17- und 20-f\u00e4dige Ausf\u00fchrungen und alle Schnittkanten sind innen, so dass keine Randf\u00e4den entstehen. Sie haben eine gute Saugf\u00e4higkeit und enthalten einen R\u00f6ntgenkontrastfaden aus blauem Polypropylen, Polyestergarn und Bariumsulfat. Die Produkte sind f\u00fcr die Wundreinigung, Wundabdeckung und das Aufsaugen von K\u00f6rperfl\u00fcssigkeiten geeignet und haben die Anwendungsbereiche 13601.<\/p>\n<\/div>\n<\/div>\n<\/section>\n<\/div>\n<div class=\"QfrfFD cell\">\n<div id=\"TPAMultiSection_lgci09hg.product-page-details-4\" class=\"\" data-hook=\"slot-placeholder-TPAMultiSection_lgci09hg.product-page-details-4\"><\/div>\n<\/div>\n<\/section>\n<section class=\"Jgs2b9\">\n<div class=\"QfrfFD cell\"><\/div>\n<\/section>\n","protected":false},"featured_media":2542,"comment_status":"open","ping_status":"closed","template":"","meta":{"_seopress_robots_primary_cat":"","_seopress_titles_title":"","_seopress_titles_desc":"","_seopress_robots_index":""},"product_brand":[],"product_cat":[109],"product_tag":[677,843,758,847,832,497,827,828,844,837,846,831,830,845,760,833,666],"class_list":{"0":"post-2546","1":"product","2":"type-product","3":"status-publish","4":"has-post-thumbnail","6":"product_cat-kompressen","7":"product_tag-100-baumwolle","8":"product_tag-17-faedig","9":"product_tag-20-faedig","10":"product_tag-anwendungsbereiche-13601","11":"product_tag-bariumsulfat","12":"product_tag-blau","13":"product_tag-din-en-14079","14":"product_tag-gute-saugfaehigkeit","15":"product_tag-innenschnittkanten","16":"product_tag-keine-randfaeden","17":"product_tag-koerperfluessigkeiten","18":"product_tag-polyestergarn","19":"product_tag-polypropylen","20":"product_tag-roentgenkontrastfaden","21":"product_tag-verbandmull","22":"product_tag-wundabdeckung","23":"product_tag-wundreinigung","26":"instock","27":"shipping-taxable","28":"purchasable","29":"product-type-simple"},"_links":{"self":[{"href":"https:\/\/wundshop.v2202409233605284516.goodsrv.de\/index.php?rest_route=\/wp\/v2\/product\/2546","targetHints":{"allow":["GET"]}}],"collection":[{"href":"https:\/\/wundshop.v2202409233605284516.goodsrv.de\/index.php?rest_route=\/wp\/v2\/product"}],"about":[{"href":"https:\/\/wundshop.v2202409233605284516.goodsrv.de\/index.php?rest_route=\/wp\/v2\/types\/product"}],"replies":[{"embeddable":true,"href":"https:\/\/wundshop.v2202409233605284516.goodsrv.de\/index.php?rest_route=%2Fwp%2Fv2%2Fcomments&post=2546"}],"version-history":[{"count":1,"href":"https:\/\/wundshop.v2202409233605284516.goodsrv.de\/index.php?rest_route=\/wp\/v2\/product\/2546\/revisions"}],"predecessor-version":[{"id":2547,"href":"https:\/\/wundshop.v2202409233605284516.goodsrv.de\/index.php?rest_route=\/wp\/v2\/product\/2546\/revisions\/2547"}],"wp:featuredmedia":[{"embeddable":true,"href":"https:\/\/wundshop.v2202409233605284516.goodsrv.de\/index.php?rest_route=\/wp\/v2\/media\/2542"}],"wp:attachment":[{"href":"https:\/\/wundshop.v2202409233605284516.goodsrv.de\/index.php?rest_route=%2Fwp%2Fv2%2Fmedia&parent=2546"}],"wp:term":[{"taxonomy":"product_brand","embeddable":true,"href":"https:\/\/wundshop.v2202409233605284516.goodsrv.de\/index.php?rest_route=%2Fwp%2Fv2%2Fproduct_brand&post=2546"},{"taxonomy":"product_cat","embeddable":true,"href":"https:\/\/wundshop.v2202409233605284516.goodsrv.de\/index.php?rest_route=%2Fwp%2Fv2%2Fproduct_cat&post=2546"},{"taxonomy":"product_tag","embeddable":true,"href":"https:\/\/wundshop.v2202409233605284516.goodsrv.de\/index.php?rest_route=%2Fwp%2Fv2%2Fproduct_tag&post=2546"}],"curies":[{"name":"wp","href":"https:\/\/api.w.org\/{rel}","templated":true}]}}