{"id":2516,"date":"2025-01-27T21:55:28","date_gmt":"2025-01-27T20:55:28","guid":{"rendered":"https:\/\/wundshop.v2202409233605284516.goodsrv.de\/?post_type=product&#038;p=2516"},"modified":"2025-01-27T21:55:28","modified_gmt":"2025-01-27T20:55:28","slug":"textilelastische-kompressionsbinde-10-cm-x-5-m","status":"publish","type":"product","link":"https:\/\/wundshop.v2202409233605284516.goodsrv.de\/?product=textilelastische-kompressionsbinde-10-cm-x-5-m","title":{"rendered":"Textilelastische Kompressionsbinde 10 cm x 5 m"},"content":{"rendered":"<h2 class=\"sqGkiQr o__5g37oh---typography-11-runningText o__5g37oh---priority-7-primary _HOcyB x4nptw sxbtulv\" aria-hidden=\"false\" data-hook=\"info-section-title\">02074267<\/h2>\n<div class=\"aecizt QfrfFD cell\"><\/div>\n<div class=\"rah-static rah-static--height-auto\" aria-hidden=\"false\">\n<div>\n<div class=\"ulKuLk QfrfFD cell\">\n<div class=\"zp8uy2\" data-hook=\"info-section-description\">10 St.\/Box<\/div>\n<\/div>\n<\/div>\n<\/div>\n","protected":false},"excerpt":{"rendered":"<section class=\"Jgs2b9\">\n<div class=\"WAZqE7 QfrfFD cell\">\n<section class=\"Va_ZoC\" data-hook=\"description-wrapper\">\n<div class=\"LvOu6J\">\n<div class=\"vaI0UH\" data-hook=\"content-wrapper\">\n<p>Die hautfarbene, textilelastische Kompressionsbinde mit Verbandklammern ist ein ideales Hilfsmittel f\u00fcr die phlebologische Therapie und Behandlung von Lymph\u00f6demen. Sie ist UNSTERIL und wird zu 10 St\u00fcck lose in einer Faltschachtel verpackt geliefert. Die Kompressionsbinde besteht aus 100 % Baumwolle und hat eine Dehnbarkeit von ca. 90 %. Sie ist waschbar bis 60 \u00b0C und latexfrei. Die Anwendung erfolgt mit kurzem Zug und die Binde ist mit gewebten Kanten versehen. Der Hersteller ist die MaiMed GmbH mit Sitz in Neuenkirchen.<\/p>\n<\/div>\n<\/div>\n<\/section>\n<\/div>\n<div class=\"QfrfFD cell\">\n<div id=\"TPAMultiSection_lgci09hg.product-page-details-4\" class=\"\" data-hook=\"slot-placeholder-TPAMultiSection_lgci09hg.product-page-details-4\"><\/div>\n<\/div>\n<\/section>\n<section class=\"Jgs2b9\">\n<div class=\"QfrfFD cell\"><\/div>\n<\/section>\n","protected":false},"featured_media":2514,"comment_status":"open","ping_status":"closed","template":"","meta":{"_seopress_robots_primary_cat":"","_seopress_titles_title":"","_seopress_titles_desc":"","_seopress_robots_index":""},"product_brand":[],"product_cat":[109],"product_tag":[790,677,787,777,786,791,416,796,797,789,798,795,681,794],"class_list":{"0":"post-2516","1":"product","2":"type-product","3":"status-publish","4":"has-post-thumbnail","6":"product_cat-kompressen","7":"product_tag-10-stueck-in-faltschachtel","8":"product_tag-100-baumwolle","9":"product_tag-dehnbarkeit-ca-90","10":"product_tag-gewebte-kanten","11":"product_tag-hautfarbene-textilelastische-kompressionsbinde","12":"product_tag-kurzer-zug","13":"product_tag-latexfrei","14":"product_tag-lymphoedeme","15":"product_tag-maimed-gmbh","16":"product_tag-mit-verbandklammern","17":"product_tag-neuenkirchen","18":"product_tag-phlebologische-therapie","19":"product_tag-unsteril","20":"product_tag-waschbar-bis-60c","23":"instock","24":"shipping-taxable","25":"purchasable","26":"product-type-simple"},"_links":{"self":[{"href":"https:\/\/wundshop.v2202409233605284516.goodsrv.de\/index.php?rest_route=\/wp\/v2\/product\/2516","targetHints":{"allow":["GET"]}}],"collection":[{"href":"https:\/\/wundshop.v2202409233605284516.goodsrv.de\/index.php?rest_route=\/wp\/v2\/product"}],"about":[{"href":"https:\/\/wundshop.v2202409233605284516.goodsrv.de\/index.php?rest_route=\/wp\/v2\/types\/product"}],"replies":[{"embeddable":true,"href":"https:\/\/wundshop.v2202409233605284516.goodsrv.de\/index.php?rest_route=%2Fwp%2Fv2%2Fcomments&post=2516"}],"version-history":[{"count":1,"href":"https:\/\/wundshop.v2202409233605284516.goodsrv.de\/index.php?rest_route=\/wp\/v2\/product\/2516\/revisions"}],"predecessor-version":[{"id":2518,"href":"https:\/\/wundshop.v2202409233605284516.goodsrv.de\/index.php?rest_route=\/wp\/v2\/product\/2516\/revisions\/2518"}],"wp:featuredmedia":[{"embeddable":true,"href":"https:\/\/wundshop.v2202409233605284516.goodsrv.de\/index.php?rest_route=\/wp\/v2\/media\/2514"}],"wp:attachment":[{"href":"https:\/\/wundshop.v2202409233605284516.goodsrv.de\/index.php?rest_route=%2Fwp%2Fv2%2Fmedia&parent=2516"}],"wp:term":[{"taxonomy":"product_brand","embeddable":true,"href":"https:\/\/wundshop.v2202409233605284516.goodsrv.de\/index.php?rest_route=%2Fwp%2Fv2%2Fproduct_brand&post=2516"},{"taxonomy":"product_cat","embeddable":true,"href":"https:\/\/wundshop.v2202409233605284516.goodsrv.de\/index.php?rest_route=%2Fwp%2Fv2%2Fproduct_cat&post=2516"},{"taxonomy":"product_tag","embeddable":true,"href":"https:\/\/wundshop.v2202409233605284516.goodsrv.de\/index.php?rest_route=%2Fwp%2Fv2%2Fproduct_tag&post=2516"}],"curies":[{"name":"wp","href":"https:\/\/api.w.org\/{rel}","templated":true}]}}