{"id":2510,"date":"2025-01-27T21:47:50","date_gmt":"2025-01-27T20:47:50","guid":{"rendered":"https:\/\/wundshop.v2202409233605284516.goodsrv.de\/?post_type=product&#038;p=2510"},"modified":"2025-01-27T21:47:50","modified_gmt":"2025-01-27T20:47:50","slug":"elastische-fixierbinde-4-cm-x-4-m-20-st-box","status":"publish","type":"product","link":"https:\/\/wundshop.v2202409233605284516.goodsrv.de\/?product=elastische-fixierbinde-4-cm-x-4-m-20-st-box","title":{"rendered":"Elastische Fixierbinde 4 cm x 4 m, 20 St.\/Box"},"content":{"rendered":"<h2 class=\"sqGkiQr o__5g37oh---typography-11-runningText o__5g37oh---priority-7-primary _HOcyB x4nptw sxbtulv\" aria-hidden=\"false\" data-hook=\"info-section-title\">08889119<\/h2>\n<div class=\"aecizt QfrfFD cell\"><\/div>\n<div class=\"rah-static rah-static--height-auto\" aria-hidden=\"false\">\n<div>\n<div class=\"ulKuLk QfrfFD cell\">\n<div class=\"zp8uy2\" data-hook=\"info-section-description\">20 St.\/Box<\/div>\n<\/div>\n<\/div>\n<\/div>\n","protected":false},"excerpt":{"rendered":"<section class=\"Jgs2b9\">\n<div class=\"WAZqE7 QfrfFD cell\">\n<section class=\"Va_ZoC\" data-hook=\"description-wrapper\">\n<div class=\"LvOu6J\">\n<div class=\"vaI0UH\" data-hook=\"content-wrapper\">\n<p>Die wei\u00dfe, elastische Fixierbinde ist aus einer Mischung aus 44 % Viskose und 56 % Polyamid hergestellt und besitzt gewebte Kanten. Sie ist unsteril und in einer Faltschachtel mit 20 lose verpackten St\u00fccken erh\u00e4ltlich. Die Binde hat eine Dehnbarkeit von ca. 100 % und eine gedehnte L\u00e4nge von ca. 4 m. Sie ist luftdurchl\u00e4ssig und schmiegt sich faltenlos an, ohne einzuschn\u00fcren. Mit mittlerem Zug und breitenstabil ist die Binde latexfrei und unsterilisierbar.<\/p>\n<\/div>\n<\/div>\n<\/section>\n<\/div>\n<div class=\"QfrfFD cell\">\n<div id=\"TPAMultiSection_lgci09hg.product-page-details-4\" class=\"\" data-hook=\"slot-placeholder-TPAMultiSection_lgci09hg.product-page-details-4\"><\/div>\n<\/div>\n<\/section>\n<section class=\"Jgs2b9\">\n<div class=\"QfrfFD cell\"><\/div>\n<\/section>\n","protected":false},"featured_media":2511,"comment_status":"open","ping_status":"closed","template":"","meta":{"_seopress_robots_primary_cat":"","_seopress_titles_title":"","_seopress_titles_desc":"","_seopress_robots_index":""},"product_brand":[],"product_cat":[108],"product_tag":[779,778,780,784,762,782,777,416,781,783,681,785,776,775],"class_list":{"0":"post-2510","1":"product","2":"type-product","3":"status-publish","4":"has-post-thumbnail","6":"product_cat-binden","7":"product_tag-100-dehnbarkeit","8":"product_tag-20-stueck-pro-faltschachtel","9":"product_tag-4-m-gedehnte-laenge","10":"product_tag-breitenstabil","11":"product_tag-elastisch","12":"product_tag-faltenlos","13":"product_tag-gewebte-kanten","14":"product_tag-latexfrei","15":"product_tag-luftdurchlaessig","16":"product_tag-mittlerer-zug","17":"product_tag-unsteril","18":"product_tag-unsterilisierbar","19":"product_tag-viskose-polyamid-mischung","20":"product_tag-weisse-fixierbinde","23":"instock","24":"shipping-taxable","25":"purchasable","26":"product-type-simple"},"_links":{"self":[{"href":"https:\/\/wundshop.v2202409233605284516.goodsrv.de\/index.php?rest_route=\/wp\/v2\/product\/2510","targetHints":{"allow":["GET"]}}],"collection":[{"href":"https:\/\/wundshop.v2202409233605284516.goodsrv.de\/index.php?rest_route=\/wp\/v2\/product"}],"about":[{"href":"https:\/\/wundshop.v2202409233605284516.goodsrv.de\/index.php?rest_route=\/wp\/v2\/types\/product"}],"replies":[{"embeddable":true,"href":"https:\/\/wundshop.v2202409233605284516.goodsrv.de\/index.php?rest_route=%2Fwp%2Fv2%2Fcomments&post=2510"}],"version-history":[{"count":1,"href":"https:\/\/wundshop.v2202409233605284516.goodsrv.de\/index.php?rest_route=\/wp\/v2\/product\/2510\/revisions"}],"predecessor-version":[{"id":2512,"href":"https:\/\/wundshop.v2202409233605284516.goodsrv.de\/index.php?rest_route=\/wp\/v2\/product\/2510\/revisions\/2512"}],"wp:featuredmedia":[{"embeddable":true,"href":"https:\/\/wundshop.v2202409233605284516.goodsrv.de\/index.php?rest_route=\/wp\/v2\/media\/2511"}],"wp:attachment":[{"href":"https:\/\/wundshop.v2202409233605284516.goodsrv.de\/index.php?rest_route=%2Fwp%2Fv2%2Fmedia&parent=2510"}],"wp:term":[{"taxonomy":"product_brand","embeddable":true,"href":"https:\/\/wundshop.v2202409233605284516.goodsrv.de\/index.php?rest_route=%2Fwp%2Fv2%2Fproduct_brand&post=2510"},{"taxonomy":"product_cat","embeddable":true,"href":"https:\/\/wundshop.v2202409233605284516.goodsrv.de\/index.php?rest_route=%2Fwp%2Fv2%2Fproduct_cat&post=2510"},{"taxonomy":"product_tag","embeddable":true,"href":"https:\/\/wundshop.v2202409233605284516.goodsrv.de\/index.php?rest_route=%2Fwp%2Fv2%2Fproduct_tag&post=2510"}],"curies":[{"name":"wp","href":"https:\/\/api.w.org\/{rel}","templated":true}]}}