{"id":2507,"date":"2025-01-27T21:39:24","date_gmt":"2025-01-27T20:39:24","guid":{"rendered":"https:\/\/wundshop.v2202409233605284516.goodsrv.de\/?post_type=product&#038;p=2507"},"modified":"2025-01-27T21:40:39","modified_gmt":"2025-01-27T20:40:39","slug":"stretch-transparent-15-cm-x-10-m-1-st-box","status":"publish","type":"product","link":"https:\/\/wundshop.v2202409233605284516.goodsrv.de\/?product=stretch-transparent-15-cm-x-10-m-1-st-box","title":{"rendered":"Stretch transparent 15 cm x 10 m, 1 St.\/Box"},"content":{"rendered":"<h2 class=\"sqGkiQr o__5g37oh---typography-11-runningText o__5g37oh---priority-7-primary _HOcyB x4nptw sxbtulv\" aria-hidden=\"false\" data-hook=\"info-section-title\">09100714<\/h2>\n<div class=\"aecizt QfrfFD cell\"><\/div>\n<div class=\"rah-static rah-static--height-auto\" aria-hidden=\"false\">\n<div>\n<div class=\"ulKuLk QfrfFD cell\">\n<div class=\"zp8uy2\" data-hook=\"info-section-description\">1 St.\/Box<\/div>\n<\/div>\n<\/div>\n<\/div>\n","protected":false},"excerpt":{"rendered":"<p>Hypoallergene, transparente, elastische Fixierfolie \u2022 Aus Polyurethan-Folie mit Polyacrylat-Kleber \u2022 Atmungsaktiv und anschmiegsam \u2022 Keim- und wasserdicht \u2022 Sicherer Halt und sanftes Abl\u00f6sen durch hautfreundlichen, hypoallergenen Kleber \u2022 Aufgrund der Elastizit\u00e4t passt sich der Verband auch stark konturierten K\u00f6rperpartien optimal an \u2022 F\u00fcr sensible Haut geeignet \u2022 Latexfrei<\/p>\n<p>&nbsp;<\/p>\n<p>Unsere hypoallergene, transparente, elastische Fixierfolie besteht aus Polyurethan-Folie mit Polyacrylat-Kleber. Sie ist atmungsaktiv und anschmiegsam, keim- und wasserdicht. Der hautfreundliche, hypoallergene Kleber erm\u00f6glicht einen sicheren Halt und sanftes Abl\u00f6sen. Die Fixierfolie passt sich aufgrund ihrer Elastizit\u00e4t optimal auch an stark konturierte K\u00f6rperpartien an und ist f\u00fcr sensible Haut geeignet. Zudem ist sie latexfrei.<\/p>\n","protected":false},"featured_media":2508,"comment_status":"open","ping_status":"closed","template":"","meta":{"_seopress_robots_primary_cat":"","_seopress_titles_title":"","_seopress_titles_desc":"","_seopress_robots_index":""},"product_brand":[],"product_cat":[107],"product_tag":[763,485,762,585,773,771,767,416,765,770,774,772,674,600],"class_list":{"0":"post-2507","1":"product","2":"type-product","3":"status-publish","4":"has-post-thumbnail","6":"product_cat-fixierverband","7":"product_tag-anschmiegsam","8":"product_tag-atmungsaktiv","9":"product_tag-elastisch","10":"product_tag-hautfreundlich","11":"product_tag-hypoallergene-fixierfolie","12":"product_tag-keim-und-wasserdicht","13":"product_tag-konturanpassend","14":"product_tag-latexfrei","15":"product_tag-polyacrylat-kleber","16":"product_tag-polyurethan-folie","17":"product_tag-sanftes-abloesen","18":"product_tag-sensible-haut","19":"product_tag-sicherer-halt","20":"product_tag-transparent","23":"instock","24":"shipping-taxable","25":"purchasable","26":"product-type-simple"},"_links":{"self":[{"href":"https:\/\/wundshop.v2202409233605284516.goodsrv.de\/index.php?rest_route=\/wp\/v2\/product\/2507","targetHints":{"allow":["GET"]}}],"collection":[{"href":"https:\/\/wundshop.v2202409233605284516.goodsrv.de\/index.php?rest_route=\/wp\/v2\/product"}],"about":[{"href":"https:\/\/wundshop.v2202409233605284516.goodsrv.de\/index.php?rest_route=\/wp\/v2\/types\/product"}],"replies":[{"embeddable":true,"href":"https:\/\/wundshop.v2202409233605284516.goodsrv.de\/index.php?rest_route=%2Fwp%2Fv2%2Fcomments&post=2507"}],"version-history":[{"count":1,"href":"https:\/\/wundshop.v2202409233605284516.goodsrv.de\/index.php?rest_route=\/wp\/v2\/product\/2507\/revisions"}],"predecessor-version":[{"id":2509,"href":"https:\/\/wundshop.v2202409233605284516.goodsrv.de\/index.php?rest_route=\/wp\/v2\/product\/2507\/revisions\/2509"}],"wp:featuredmedia":[{"embeddable":true,"href":"https:\/\/wundshop.v2202409233605284516.goodsrv.de\/index.php?rest_route=\/wp\/v2\/media\/2508"}],"wp:attachment":[{"href":"https:\/\/wundshop.v2202409233605284516.goodsrv.de\/index.php?rest_route=%2Fwp%2Fv2%2Fmedia&parent=2507"}],"wp:term":[{"taxonomy":"product_brand","embeddable":true,"href":"https:\/\/wundshop.v2202409233605284516.goodsrv.de\/index.php?rest_route=%2Fwp%2Fv2%2Fproduct_brand&post=2507"},{"taxonomy":"product_cat","embeddable":true,"href":"https:\/\/wundshop.v2202409233605284516.goodsrv.de\/index.php?rest_route=%2Fwp%2Fv2%2Fproduct_cat&post=2507"},{"taxonomy":"product_tag","embeddable":true,"href":"https:\/\/wundshop.v2202409233605284516.goodsrv.de\/index.php?rest_route=%2Fwp%2Fv2%2Fproduct_tag&post=2507"}],"curies":[{"name":"wp","href":"https:\/\/api.w.org\/{rel}","templated":true}]}}