{"id":2504,"date":"2025-01-27T21:36:56","date_gmt":"2025-01-27T20:36:56","guid":{"rendered":"https:\/\/wundshop.v2202409233605284516.goodsrv.de\/?post_type=product&#038;p=2504"},"modified":"2025-01-27T21:36:56","modified_gmt":"2025-01-27T20:36:56","slug":"stretch-transparent-10-cm-x-10-m-1-st-box","status":"publish","type":"product","link":"https:\/\/wundshop.v2202409233605284516.goodsrv.de\/?product=stretch-transparent-10-cm-x-10-m-1-st-box","title":{"rendered":"Stretch transparent 10 cm x 10 m, 1 St.\/Box"},"content":{"rendered":"<h2 class=\"sqGkiQr o__5g37oh---typography-11-runningText o__5g37oh---priority-7-primary _HOcyB x4nptw sxbtulv\" aria-hidden=\"false\" data-hook=\"info-section-title\">09100708<\/h2>\n<div class=\"aecizt QfrfFD cell\"><\/div>\n<div class=\"rah-static rah-static--height-auto\" aria-hidden=\"false\">\n<div>\n<div class=\"ulKuLk QfrfFD cell\">\n<div class=\"zp8uy2\" data-hook=\"info-section-description\">1 St.\/Box<\/div>\n<\/div>\n<\/div>\n<\/div>\n","protected":false},"excerpt":{"rendered":"<p>Unsere transparente, hypoallergene Fixierfolie besteht aus Polyurethan-Folie mit einem Kleber aus Polyacrylat. Sie ist atmungsaktiv, anschmiegsam, keim- und wasserdicht. Der hautfreundliche, hypoallergene Kleber gew\u00e4hrleistet einen sicheren Halt und l\u00e4sst sich sanft abl\u00f6sen. Durch die Elastizit\u00e4t der Folie passt sich der Verband auch stark konturierten K\u00f6rperpartien optimal an, was sie f\u00fcr sensible Haut geeignet macht. Au\u00dferdem ist sie latexfrei.<\/p>\n","protected":false},"featured_media":2505,"comment_status":"open","ping_status":"closed","template":"","meta":{"_seopress_robots_primary_cat":"","_seopress_titles_title":"","_seopress_titles_desc":"","_seopress_robots_index":""},"product_brand":[],"product_cat":[107],"product_tag":[763,485,762,769,585,136,771,767,416,765,770,766,772,674,600],"class_list":{"0":"post-2504","1":"product","2":"type-product","3":"status-publish","4":"has-post-thumbnail","6":"product_cat-fixierverband","7":"product_tag-anschmiegsam","8":"product_tag-atmungsaktiv","9":"product_tag-elastisch","10":"product_tag-fixierfolie","11":"product_tag-hautfreundlich","12":"product_tag-hypoallergen","13":"product_tag-keim-und-wasserdicht","14":"product_tag-konturanpassend","15":"product_tag-latexfrei","16":"product_tag-polyacrylat-kleber","17":"product_tag-polyurethan-folie","18":"product_tag-sanft-abloesbar","19":"product_tag-sensible-haut","20":"product_tag-sicherer-halt","21":"product_tag-transparent","24":"instock","25":"shipping-taxable","26":"purchasable","27":"product-type-simple"},"_links":{"self":[{"href":"https:\/\/wundshop.v2202409233605284516.goodsrv.de\/index.php?rest_route=\/wp\/v2\/product\/2504","targetHints":{"allow":["GET"]}}],"collection":[{"href":"https:\/\/wundshop.v2202409233605284516.goodsrv.de\/index.php?rest_route=\/wp\/v2\/product"}],"about":[{"href":"https:\/\/wundshop.v2202409233605284516.goodsrv.de\/index.php?rest_route=\/wp\/v2\/types\/product"}],"replies":[{"embeddable":true,"href":"https:\/\/wundshop.v2202409233605284516.goodsrv.de\/index.php?rest_route=%2Fwp%2Fv2%2Fcomments&post=2504"}],"version-history":[{"count":1,"href":"https:\/\/wundshop.v2202409233605284516.goodsrv.de\/index.php?rest_route=\/wp\/v2\/product\/2504\/revisions"}],"predecessor-version":[{"id":2506,"href":"https:\/\/wundshop.v2202409233605284516.goodsrv.de\/index.php?rest_route=\/wp\/v2\/product\/2504\/revisions\/2506"}],"wp:featuredmedia":[{"embeddable":true,"href":"https:\/\/wundshop.v2202409233605284516.goodsrv.de\/index.php?rest_route=\/wp\/v2\/media\/2505"}],"wp:attachment":[{"href":"https:\/\/wundshop.v2202409233605284516.goodsrv.de\/index.php?rest_route=%2Fwp%2Fv2%2Fmedia&parent=2504"}],"wp:term":[{"taxonomy":"product_brand","embeddable":true,"href":"https:\/\/wundshop.v2202409233605284516.goodsrv.de\/index.php?rest_route=%2Fwp%2Fv2%2Fproduct_brand&post=2504"},{"taxonomy":"product_cat","embeddable":true,"href":"https:\/\/wundshop.v2202409233605284516.goodsrv.de\/index.php?rest_route=%2Fwp%2Fv2%2Fproduct_cat&post=2504"},{"taxonomy":"product_tag","embeddable":true,"href":"https:\/\/wundshop.v2202409233605284516.goodsrv.de\/index.php?rest_route=%2Fwp%2Fv2%2Fproduct_tag&post=2504"}],"curies":[{"name":"wp","href":"https:\/\/api.w.org\/{rel}","templated":true}]}}