{"id":2501,"date":"2025-01-27T21:34:55","date_gmt":"2025-01-27T20:34:55","guid":{"rendered":"https:\/\/wundshop.v2202409233605284516.goodsrv.de\/?post_type=product&#038;p=2501"},"modified":"2025-01-27T21:35:04","modified_gmt":"2025-01-27T20:35:04","slug":"stretch-15-cm-x-10-m-1-st-box","status":"publish","type":"product","link":"https:\/\/wundshop.v2202409233605284516.goodsrv.de\/?product=stretch-15-cm-x-10-m-1-st-box","title":{"rendered":"Stretch 15 cm x 10 m, 1 St.\/Box"},"content":{"rendered":"<h2 class=\"sqGkiQr o__5g37oh---typography-11-runningText o__5g37oh---priority-7-primary _HOcyB x4nptw sxbtulv\" aria-hidden=\"false\" data-hook=\"info-section-title\">04002800<\/h2>\n<div class=\"aecizt QfrfFD cell\"><\/div>\n<div class=\"rah-static rah-static--height-auto\" aria-hidden=\"false\">\n<div>\n<div class=\"ulKuLk QfrfFD cell\">\n<div class=\"zp8uy2\" data-hook=\"info-section-description\">1 St.\/Box<\/div>\n<\/div>\n<\/div>\n<\/div>\n","protected":false},"excerpt":{"rendered":"<section class=\"Jgs2b9\">\n<div class=\"WAZqE7 QfrfFD cell\">\n<section class=\"Va_ZoC\" data-hook=\"description-wrapper\">\n<div class=\"LvOu6J\">\n<div class=\"vaI0UH\" data-hook=\"content-wrapper\">\n<p>Unser hypoallergenes, wei\u00dfes, elastisches Fixiervlies ist perfekt f\u00fcr die empfindliche Haut geeignet und passt sich durch seine Elastizit\u00e4t optimal auch an stark konturierte K\u00f6rperpartien an. Es ist aus 100% Polyester gefertigt und enth\u00e4lt einen hautfreundlichen Polyacrylat-Kleber, der einen sicheren Halt gew\u00e4hrleistet und dennoch sanft abgel\u00f6st werden kann. Das atmungsaktive und anschmiegsame Fixiervlies wird unsteril in einer Spenderbox mit 1 St\u00fcck geliefert und ist latexfrei.<\/p>\n<\/div>\n<\/div>\n<\/section>\n<\/div>\n<div class=\"QfrfFD cell\">\n<div id=\"TPAMultiSection_lgci09hg.product-page-details-4\" class=\"\" data-hook=\"slot-placeholder-TPAMultiSection_lgci09hg.product-page-details-4\"><\/div>\n<\/div>\n<\/section>\n<section class=\"Jgs2b9\">\n<div class=\"QfrfFD cell\"><\/div>\n<\/section>\n","protected":false},"featured_media":2502,"comment_status":"open","ping_status":"closed","template":"","meta":{"_seopress_robots_primary_cat":"","_seopress_titles_title":"","_seopress_titles_desc":"","_seopress_robots_index":""},"product_brand":[],"product_cat":[107],"product_tag":[768,763,485,762,137,672,136,767,416,765,766,674,629,681,761],"class_list":{"0":"post-2501","1":"product","2":"type-product","3":"status-publish","4":"has-post-thumbnail","6":"product_cat-fixierverband","7":"product_tag-100-polyester","8":"product_tag-anschmiegsam","9":"product_tag-atmungsaktiv","10":"product_tag-elastisch","11":"product_tag-empfindliche-haut","12":"product_tag-fixiervlies","13":"product_tag-hypoallergen","14":"product_tag-konturanpassend","15":"product_tag-latexfrei","16":"product_tag-polyacrylat-kleber","17":"product_tag-sanft-abloesbar","18":"product_tag-sicherer-halt","19":"product_tag-spenderbox","20":"product_tag-unsteril","21":"product_tag-weiss","24":"instock","25":"shipping-taxable","26":"purchasable","27":"product-type-simple"},"_links":{"self":[{"href":"https:\/\/wundshop.v2202409233605284516.goodsrv.de\/index.php?rest_route=\/wp\/v2\/product\/2501","targetHints":{"allow":["GET"]}}],"collection":[{"href":"https:\/\/wundshop.v2202409233605284516.goodsrv.de\/index.php?rest_route=\/wp\/v2\/product"}],"about":[{"href":"https:\/\/wundshop.v2202409233605284516.goodsrv.de\/index.php?rest_route=\/wp\/v2\/types\/product"}],"replies":[{"embeddable":true,"href":"https:\/\/wundshop.v2202409233605284516.goodsrv.de\/index.php?rest_route=%2Fwp%2Fv2%2Fcomments&post=2501"}],"version-history":[{"count":1,"href":"https:\/\/wundshop.v2202409233605284516.goodsrv.de\/index.php?rest_route=\/wp\/v2\/product\/2501\/revisions"}],"predecessor-version":[{"id":2503,"href":"https:\/\/wundshop.v2202409233605284516.goodsrv.de\/index.php?rest_route=\/wp\/v2\/product\/2501\/revisions\/2503"}],"wp:featuredmedia":[{"embeddable":true,"href":"https:\/\/wundshop.v2202409233605284516.goodsrv.de\/index.php?rest_route=\/wp\/v2\/media\/2502"}],"wp:attachment":[{"href":"https:\/\/wundshop.v2202409233605284516.goodsrv.de\/index.php?rest_route=%2Fwp%2Fv2%2Fmedia&parent=2501"}],"wp:term":[{"taxonomy":"product_brand","embeddable":true,"href":"https:\/\/wundshop.v2202409233605284516.goodsrv.de\/index.php?rest_route=%2Fwp%2Fv2%2Fproduct_brand&post=2501"},{"taxonomy":"product_cat","embeddable":true,"href":"https:\/\/wundshop.v2202409233605284516.goodsrv.de\/index.php?rest_route=%2Fwp%2Fv2%2Fproduct_cat&post=2501"},{"taxonomy":"product_tag","embeddable":true,"href":"https:\/\/wundshop.v2202409233605284516.goodsrv.de\/index.php?rest_route=%2Fwp%2Fv2%2Fproduct_tag&post=2501"}],"curies":[{"name":"wp","href":"https:\/\/api.w.org\/{rel}","templated":true}]}}