{"id":2492,"date":"2025-01-27T21:26:38","date_gmt":"2025-01-27T20:26:38","guid":{"rendered":"https:\/\/wundshop.v2202409233605284516.goodsrv.de\/?post_type=product&#038;p=2492"},"modified":"2025-01-27T21:26:38","modified_gmt":"2025-01-27T20:26:38","slug":"mulltupfer-steril-15-x-16-cm-50-pack-23-box","status":"publish","type":"product","link":"https:\/\/wundshop.v2202409233605284516.goodsrv.de\/?product=mulltupfer-steril-15-x-16-cm-50-pack-23-box","title":{"rendered":"Mulltupfer steril 15 x 16 cm, 50 Pack.(2+3)\/Box"},"content":{"rendered":"<h2 class=\"sqGkiQr o__5g37oh---typography-11-runningText o__5g37oh---priority-7-primary _HOcyB x4nptw sxbtulv\" aria-hidden=\"false\" data-hook=\"info-section-title\">15297715<\/h2>\n<div class=\"aecizt QfrfFD cell\"><\/div>\n<div class=\"rah-static rah-static--height-auto\" aria-hidden=\"false\">\n<div>\n<div class=\"ulKuLk QfrfFD cell\">\n<div class=\"zp8uy2\" data-hook=\"info-section-description\">50 Pack.(2+3)\/Box<\/div>\n<\/div>\n<\/div>\n<\/div>\n","protected":false},"excerpt":{"rendered":"<p>Unsere gebrauchsfertigen Schlinggazetupfer sind perfekt f\u00fcr die Wundbehandlung und Wundenpflege geeignet. Die Sterilisation in einer Peelpackung gew\u00e4hrleistet eine hygienische Anwendung. Mit einer Gr\u00f6\u00dfe von Gr. 2, walnussgro\u00df und einem 20-f\u00e4digen Verbandmull sind sie besonders saugf\u00e4hig und erf\u00fcllen die DIN EN 14079-VM 20 Standards. Dank 100% Baumwolle und sorgf\u00e4ltig verschlungenen Schnittkanten sind sie besonders hautfreundlich und sicher im Inneren der Tupfer verpackt.<\/p>\n","protected":false},"featured_media":2493,"comment_status":"open","ping_status":"closed","template":"","meta":{"_seopress_robots_primary_cat":"","_seopress_titles_title":"","_seopress_titles_desc":"","_seopress_robots_index":""},"product_brand":[],"product_cat":[397],"product_tag":[677,754,755,697,752,585,751,702,748,757,750,756,753,602,749],"class_list":{"0":"post-2492","1":"product","2":"type-product","3":"status-publish","4":"has-post-thumbnail","6":"product_cat-wundheilung","7":"product_tag-100-baumwolle","8":"product_tag-20-faediger-verbandmull","9":"product_tag-din-en-14079-vm-20","10":"product_tag-gebrauchsfertig","11":"product_tag-groesse-2","12":"product_tag-hautfreundlich","13":"product_tag-hygienische-anwendung","14":"product_tag-saugfaehig","15":"product_tag-schlinggazetupfer","16":"product_tag-sicher-verpackt","17":"product_tag-sterile-peelpackung","18":"product_tag-verschlungene-schnittkanten","19":"product_tag-walnussgross","20":"product_tag-wundbehandlung","21":"product_tag-wundenpflege","24":"instock","25":"shipping-taxable","26":"purchasable","27":"product-type-simple"},"_links":{"self":[{"href":"https:\/\/wundshop.v2202409233605284516.goodsrv.de\/index.php?rest_route=\/wp\/v2\/product\/2492","targetHints":{"allow":["GET"]}}],"collection":[{"href":"https:\/\/wundshop.v2202409233605284516.goodsrv.de\/index.php?rest_route=\/wp\/v2\/product"}],"about":[{"href":"https:\/\/wundshop.v2202409233605284516.goodsrv.de\/index.php?rest_route=\/wp\/v2\/types\/product"}],"replies":[{"embeddable":true,"href":"https:\/\/wundshop.v2202409233605284516.goodsrv.de\/index.php?rest_route=%2Fwp%2Fv2%2Fcomments&post=2492"}],"version-history":[{"count":1,"href":"https:\/\/wundshop.v2202409233605284516.goodsrv.de\/index.php?rest_route=\/wp\/v2\/product\/2492\/revisions"}],"predecessor-version":[{"id":2494,"href":"https:\/\/wundshop.v2202409233605284516.goodsrv.de\/index.php?rest_route=\/wp\/v2\/product\/2492\/revisions\/2494"}],"wp:featuredmedia":[{"embeddable":true,"href":"https:\/\/wundshop.v2202409233605284516.goodsrv.de\/index.php?rest_route=\/wp\/v2\/media\/2493"}],"wp:attachment":[{"href":"https:\/\/wundshop.v2202409233605284516.goodsrv.de\/index.php?rest_route=%2Fwp%2Fv2%2Fmedia&parent=2492"}],"wp:term":[{"taxonomy":"product_brand","embeddable":true,"href":"https:\/\/wundshop.v2202409233605284516.goodsrv.de\/index.php?rest_route=%2Fwp%2Fv2%2Fproduct_brand&post=2492"},{"taxonomy":"product_cat","embeddable":true,"href":"https:\/\/wundshop.v2202409233605284516.goodsrv.de\/index.php?rest_route=%2Fwp%2Fv2%2Fproduct_cat&post=2492"},{"taxonomy":"product_tag","embeddable":true,"href":"https:\/\/wundshop.v2202409233605284516.goodsrv.de\/index.php?rest_route=%2Fwp%2Fv2%2Fproduct_tag&post=2492"}],"curies":[{"name":"wp","href":"https:\/\/api.w.org\/{rel}","templated":true}]}}