{"id":2488,"date":"2025-01-27T21:24:02","date_gmt":"2025-01-27T20:24:02","guid":{"rendered":"https:\/\/wundshop.v2202409233605284516.goodsrv.de\/?post_type=product&#038;p=2488"},"modified":"2025-01-27T21:24:02","modified_gmt":"2025-01-27T20:24:02","slug":"pad-steril-10-x-20-cm-30-st-spenderbox","status":"publish","type":"product","link":"https:\/\/wundshop.v2202409233605284516.goodsrv.de\/?product=pad-steril-10-x-20-cm-30-st-spenderbox","title":{"rendered":"Pad steril 10 x 20 cm, 30 St.\/Spenderbox"},"content":{"rendered":"<h2 class=\"sqGkiQr o__5g37oh---typography-11-runningText o__5g37oh---priority-7-primary _HOcyB x4nptw sxbtulv\" aria-hidden=\"false\" data-hook=\"info-section-title\">02072877<\/h2>\n<div class=\"aecizt QfrfFD cell\"><\/div>\n<div class=\"rah-static rah-static--height-auto\" aria-hidden=\"false\">\n<div>\n<div class=\"ulKuLk QfrfFD cell\">\n<div class=\"zp8uy2\" data-hook=\"info-section-description\">30 St.\/Spenderbox<\/div>\n<\/div>\n<\/div>\n<\/div>\n","protected":false},"excerpt":{"rendered":"<p>Unsere gebrauchsfertigen Saugkompressen bieten eine sichere und hygienische Wundversorgung. Jede Kompression ist steril und einzeln in einer praktischen Spenderbox verpackt. Hergestellt aus Vliesstoff mit einer F\u00fcllung aus Zellulose, sind sie nicht wundhaftend und rundum geschlossen. Mit einem sehr hohen Saugverm\u00f6gen bieten sie optimalen Schutz vor Durchdringen von Wundsekret. Das blaue Spezialvlies sch\u00fctzt zudem vor Verschmutzungen an W\u00e4sche und Kleidung. Unsterile Saugkompressen k\u00f6nnen einfach sterilisiert werden.<\/p>\n","protected":false},"featured_media":2489,"comment_status":"open","ping_status":"closed","template":"","meta":{"_seopress_robots_primary_cat":"","_seopress_titles_title":"","_seopress_titles_desc":"","_seopress_robots_index":""},"product_brand":[],"product_cat":[741],"product_tag":[737,693,697,743,736,744,735,740,739,747,738,746,742,701,745,734],"class_list":{"0":"post-2488","1":"product","2":"type-product","3":"status-publish","4":"has-post-thumbnail","6":"product_cat-spenderbox","7":"product_tag-blaues-spezialvlies","8":"product_tag-einzeln-verpackt","9":"product_tag-gebrauchsfertig","10":"product_tag-hygienische-wundversorgung","11":"product_tag-nicht-wundhaftend","12":"product_tag-praktische-spenderbox","13":"product_tag-rundum-geschlossen","14":"product_tag-schutz-von-kleidung","15":"product_tag-schutz-von-waesche","16":"product_tag-schutz-vor-verschmutzungen","17":"product_tag-schutz-vor-wundsekret","18":"product_tag-sehr-hohes-saugvermoegen","19":"product_tag-sterile-saugkompressen","20":"product_tag-sterilisiertbar","21":"product_tag-vliesstoff","22":"product_tag-zellulosefuellung","25":"instock","26":"shipping-taxable","27":"purchasable","28":"product-type-simple"},"_links":{"self":[{"href":"https:\/\/wundshop.v2202409233605284516.goodsrv.de\/index.php?rest_route=\/wp\/v2\/product\/2488","targetHints":{"allow":["GET"]}}],"collection":[{"href":"https:\/\/wundshop.v2202409233605284516.goodsrv.de\/index.php?rest_route=\/wp\/v2\/product"}],"about":[{"href":"https:\/\/wundshop.v2202409233605284516.goodsrv.de\/index.php?rest_route=\/wp\/v2\/types\/product"}],"replies":[{"embeddable":true,"href":"https:\/\/wundshop.v2202409233605284516.goodsrv.de\/index.php?rest_route=%2Fwp%2Fv2%2Fcomments&post=2488"}],"version-history":[{"count":1,"href":"https:\/\/wundshop.v2202409233605284516.goodsrv.de\/index.php?rest_route=\/wp\/v2\/product\/2488\/revisions"}],"predecessor-version":[{"id":2490,"href":"https:\/\/wundshop.v2202409233605284516.goodsrv.de\/index.php?rest_route=\/wp\/v2\/product\/2488\/revisions\/2490"}],"wp:featuredmedia":[{"embeddable":true,"href":"https:\/\/wundshop.v2202409233605284516.goodsrv.de\/index.php?rest_route=\/wp\/v2\/media\/2489"}],"wp:attachment":[{"href":"https:\/\/wundshop.v2202409233605284516.goodsrv.de\/index.php?rest_route=%2Fwp%2Fv2%2Fmedia&parent=2488"}],"wp:term":[{"taxonomy":"product_brand","embeddable":true,"href":"https:\/\/wundshop.v2202409233605284516.goodsrv.de\/index.php?rest_route=%2Fwp%2Fv2%2Fproduct_brand&post=2488"},{"taxonomy":"product_cat","embeddable":true,"href":"https:\/\/wundshop.v2202409233605284516.goodsrv.de\/index.php?rest_route=%2Fwp%2Fv2%2Fproduct_cat&post=2488"},{"taxonomy":"product_tag","embeddable":true,"href":"https:\/\/wundshop.v2202409233605284516.goodsrv.de\/index.php?rest_route=%2Fwp%2Fv2%2Fproduct_tag&post=2488"}],"curies":[{"name":"wp","href":"https:\/\/api.w.org\/{rel}","templated":true}]}}