{"id":2400,"date":"2025-01-25T21:58:48","date_gmt":"2025-01-25T20:58:48","guid":{"rendered":"https:\/\/wundshop.v2202409233605284516.goodsrv.de\/?post_type=product&#038;p=2400"},"modified":"2025-01-25T21:58:48","modified_gmt":"2025-01-25T20:58:48","slug":"mk-mullkompressen-10-x-10-cm-unsteril-8-fach-100st","status":"publish","type":"product","link":"https:\/\/wundshop.v2202409233605284516.goodsrv.de\/?product=mk-mullkompressen-10-x-10-cm-unsteril-8-fach-100st","title":{"rendered":"MK Mullkompressen 10 x 10 cm unsteril 8-fach, 100St"},"content":{"rendered":"<h2 class=\"sqGkiQr o__5g37oh---typography-11-runningText o__5g37oh---priority-7-primary _HOcyB x4nptw sxbtulv\" aria-hidden=\"false\" data-hook=\"info-section-title\">08888723<\/h2>\n<div class=\"aecizt QfrfFD cell\"><\/div>\n<div class=\"rah-static rah-static--height-auto\" aria-hidden=\"false\">\n<div>\n<div class=\"ulKuLk QfrfFD cell\">\n<div class=\"zp8uy2\" data-hook=\"info-section-description\">100 St.<\/div>\n<\/div>\n<\/div>\n<\/div>\n","protected":false},"excerpt":{"rendered":"<p>Unsere gebrauchsfertigen Mullkompressen in 10 x 10 cm Gr\u00f6\u00dfe sind aus extraweichem Verbandmull mit 17 F\u00e4den nach DIN EN 14079-VM 17 gefertigt. Die unsterilen Kompressen sind in einer sterilisierbaren Papiert\u00fcte verpackt und bleiben dank der eingeschlagenen Schnittkanten (ES) besonders formstabil. Die 8-fache Ausf\u00fchrung sorgt f\u00fcr eine hohe Saugf\u00e4higkeit. Hergestellt aus 100 % Baumwolle sind sie auch f\u00fcr empfindliche Haut geeignet und k\u00f6nnen sterilisiert werden.<\/p>\n","protected":false},"featured_media":2401,"comment_status":"open","ping_status":"closed","template":"","meta":{"_seopress_robots_primary_cat":"","_seopress_titles_title":"","_seopress_titles_desc":"","_seopress_robots_index":""},"product_brand":[],"product_cat":[109],"product_tag":[690,677,678,684,679,680,137,687,691,688,448,682,535,681],"class_list":{"0":"post-2400","1":"product","2":"type-product","3":"status-publish","4":"has-post-thumbnail","6":"product_cat-kompressen","7":"product_tag-10-x-10-cm","8":"product_tag-100-baumwolle","9":"product_tag-17-faediger-verbandmull","10":"product_tag-8-fache-saugkraft","11":"product_tag-din-en-14079-vm-17","12":"product_tag-eingeschlagene-schnittkanten-es","13":"product_tag-empfindliche-haut","14":"product_tag-extraweich","15":"product_tag-formstabil","16":"product_tag-medizinische-einrichtungen","17":"product_tag-mullkompressen","18":"product_tag-papiertuete","19":"product_tag-sterilisierbar","20":"product_tag-unsteril","23":"instock","24":"shipping-taxable","25":"purchasable","26":"product-type-simple"},"_links":{"self":[{"href":"https:\/\/wundshop.v2202409233605284516.goodsrv.de\/index.php?rest_route=\/wp\/v2\/product\/2400","targetHints":{"allow":["GET"]}}],"collection":[{"href":"https:\/\/wundshop.v2202409233605284516.goodsrv.de\/index.php?rest_route=\/wp\/v2\/product"}],"about":[{"href":"https:\/\/wundshop.v2202409233605284516.goodsrv.de\/index.php?rest_route=\/wp\/v2\/types\/product"}],"replies":[{"embeddable":true,"href":"https:\/\/wundshop.v2202409233605284516.goodsrv.de\/index.php?rest_route=%2Fwp%2Fv2%2Fcomments&post=2400"}],"version-history":[{"count":1,"href":"https:\/\/wundshop.v2202409233605284516.goodsrv.de\/index.php?rest_route=\/wp\/v2\/product\/2400\/revisions"}],"predecessor-version":[{"id":2402,"href":"https:\/\/wundshop.v2202409233605284516.goodsrv.de\/index.php?rest_route=\/wp\/v2\/product\/2400\/revisions\/2402"}],"wp:featuredmedia":[{"embeddable":true,"href":"https:\/\/wundshop.v2202409233605284516.goodsrv.de\/index.php?rest_route=\/wp\/v2\/media\/2401"}],"wp:attachment":[{"href":"https:\/\/wundshop.v2202409233605284516.goodsrv.de\/index.php?rest_route=%2Fwp%2Fv2%2Fmedia&parent=2400"}],"wp:term":[{"taxonomy":"product_brand","embeddable":true,"href":"https:\/\/wundshop.v2202409233605284516.goodsrv.de\/index.php?rest_route=%2Fwp%2Fv2%2Fproduct_brand&post=2400"},{"taxonomy":"product_cat","embeddable":true,"href":"https:\/\/wundshop.v2202409233605284516.goodsrv.de\/index.php?rest_route=%2Fwp%2Fv2%2Fproduct_cat&post=2400"},{"taxonomy":"product_tag","embeddable":true,"href":"https:\/\/wundshop.v2202409233605284516.goodsrv.de\/index.php?rest_route=%2Fwp%2Fv2%2Fproduct_tag&post=2400"}],"curies":[{"name":"wp","href":"https:\/\/api.w.org\/{rel}","templated":true}]}}