{"id":2385,"date":"2025-01-25T21:38:58","date_gmt":"2025-01-25T20:38:58","guid":{"rendered":"https:\/\/wundshop.v2202409233605284516.goodsrv.de\/?post_type=product&#038;p=2385"},"modified":"2025-01-25T21:46:48","modified_gmt":"2025-01-25T20:46:48","slug":"wund-und-heilsalbe-wero-20-g","status":"publish","type":"product","link":"https:\/\/wundshop.v2202409233605284516.goodsrv.de\/?product=wund-und-heilsalbe-wero-20-g","title":{"rendered":"Wund- und Heilsalbe (WERO), 20 g"},"content":{"rendered":"<h2 class=\"sqGkiQr o__5g37oh---typography-11-runningText o__5g37oh---priority-7-primary _HOcyB x4nptw sxbtulv\" aria-hidden=\"false\" data-hook=\"info-section-title\">Produktinformationen &#8220;Wund- und Heilsalbe, 20&#8221;<\/h2>\n<div class=\"aecizt QfrfFD cell\"><\/div>\n<div class=\"rah-static rah-static--height-auto\" aria-hidden=\"false\">\n<div>\n<div class=\"ulKuLk QfrfFD cell\">\n<div class=\"zp8uy2\" data-hook=\"info-section-description\">\n<p>Wirkungsweise der Wund- und Heilsalbe<\/p>\n<ul>\n<li>Die feuchte Wundversorgung schafft die physiologisch optimalen Bedingungen f\u00fcr eine Wundheilung<\/li>\n<li>Der sich einstellende niedrige pH-Wert in der Wunde f\u00f6rdert nicht nur die Heilung, sondern hemmt auch die Vermehrung von Keimen und damit eine Infektion<\/li>\n<li>Essentielle Spurenelemente unterst\u00fctzen die Wundheilung<\/li>\n<\/ul>\n<p>Die neue WERO Wund- und Heilsalbe verbessert die Heilung nach Verletzungen, wie z. B. Sch\u00fcrfwunden, Kratzer oder Schnitte. Die Neubildung von Gewebe wird unterst\u00fctzt und die Narbenbildung verringert. Au\u00dferdem werden Bluterg\u00fcsse und \u00d6deme beschleunigt abgebaut. Schwellungen gehen zur\u00fcck, wodurch Reizungen und Schmerzen nachlassen. Unsere WERO Wund- und Heilsalbe kann daher auch bei stumpfen Traumata wie Prellungen und Quetschungen deutliche Linderung verschaffen. Sie enth\u00e4lt au\u00dferdem keinerlei reizende Inhaltsstoffe, weshalb sie bedenkenlos im Mund- und Schleimhautbereich eingesetzt werden kann. Damit ist die Salbe auch f\u00fcr die Wundversorgung bei Kindern geeignet.<\/p>\n<p>WICHTIGER HINWEIS<\/p>\n<p>Waschen Sie sich vor dem Auftragen der Wund- und Heilsalbe gr\u00fcndlich die H\u00e4nde &#8211; idealerweise tragen Sie Einmalhandschuhe &#8211; und reinigen Sie dann die ggf. verschmutzte Wunde mit unserem\u00a0Werolin \u00ae Wundreinigungsspray\u00a0Dies senkt das Infektionsrisiko.<\/p>\n<p>Anwendung der WERO Wund- und Heilsalbe<\/p>\n<p>Die WERO Wund- und Heilsalbe wird etwa 2 mm dick auf die verletzte Hautstelle sowie etwas \u00fcber die Wundr\u00e4nder hinaus aufgetragen (vermeiden Sie Kontakt zwischen Tuben\u00f6ffnung und Wunde). Dank des hohen Wasseranteils l\u00e4sst sich die Salbe ohne schmerzhaften Druck leicht einmassieren. Wiederholen Sie diese Anwendung mehrmals innerhalb der ersten drei Tage. Die Salbe l\u00e4sst sich au\u00dferdem in Verbindung mit einem Verbandstoff\u00a0oder Pflaster\u00a0verwenden. So sch\u00fctzen Sie die verletzte Haut noch zus\u00e4tzlich gegen Verunreinigungen oder Reizungen durch \u00e4u\u00dfere Einfl\u00fcsse.<\/p>\n<p>REF 31098<\/p>\n<\/div>\n<\/div>\n<\/div>\n<\/div>\n","protected":false},"excerpt":{"rendered":"<ul>\n<li>F\u00f6rdert die Wundheilung<\/li>\n<li>Reduziert die Schwellung<\/li>\n<li>Mindert den Schmerz<\/li>\n<li>Reduziert die Narbenbildung<\/li>\n<li>Beugt Infektionen vor<\/li>\n<li>Bei Verbrennungen 1. und 2. Grades geeignet (auch Sonnenbrand)<\/li>\n<li>Auch zur Anwendung am Mund und im Schleimhautbereich<\/li>\n<li>F\u00fcr Kinder geeignet<\/li>\n<li>Ist ein Medizinprodukt \u2013 kein Arzneimittel<\/li>\n<\/ul>\n","protected":false},"featured_media":2386,"comment_status":"open","ping_status":"closed","template":"","meta":{"_seopress_robots_primary_cat":"","_seopress_titles_title":"","_seopress_titles_desc":"","_seopress_robots_index":""},"product_brand":[],"product_cat":[397],"product_tag":[249,609,418,650,659,654,652,663,656,664,658,660,651,607,661,665,662,657,655,644,653,377,667,502,666],"class_list":{"0":"post-2385","1":"product","2":"type-product","3":"status-publish","4":"has-post-thumbnail","6":"product_cat-wundheilung","7":"product_tag-anwendung","8":"product_tag-bluterguesse","9":"product_tag-einmalhandschuhe","10":"product_tag-feuchte-wundversorgung","11":"product_tag-gewebe-neubildung","12":"product_tag-heilung","13":"product_tag-keimhemmung","14":"product_tag-kinderfreundlich","15":"product_tag-kratzer","16":"product_tag-mundbereich","17":"product_tag-narbenbildung","18":"product_tag-oedeme","19":"product_tag-ph-wert","20":"product_tag-prellungen","21":"product_tag-quetschungen","22":"product_tag-schleimhaut","23":"product_tag-schmerzen","24":"product_tag-schnitte","25":"product_tag-schuerfwunden","26":"product_tag-schwellungen","27":"product_tag-spurenelemente","28":"product_tag-wero","29":"product_tag-werolin","30":"product_tag-wund-und-heilsalbe","31":"product_tag-wundreinigung","34":"instock","35":"shipping-taxable","36":"purchasable","37":"product-type-simple"},"_links":{"self":[{"href":"https:\/\/wundshop.v2202409233605284516.goodsrv.de\/index.php?rest_route=\/wp\/v2\/product\/2385","targetHints":{"allow":["GET"]}}],"collection":[{"href":"https:\/\/wundshop.v2202409233605284516.goodsrv.de\/index.php?rest_route=\/wp\/v2\/product"}],"about":[{"href":"https:\/\/wundshop.v2202409233605284516.goodsrv.de\/index.php?rest_route=\/wp\/v2\/types\/product"}],"replies":[{"embeddable":true,"href":"https:\/\/wundshop.v2202409233605284516.goodsrv.de\/index.php?rest_route=%2Fwp%2Fv2%2Fcomments&post=2385"}],"version-history":[{"count":1,"href":"https:\/\/wundshop.v2202409233605284516.goodsrv.de\/index.php?rest_route=\/wp\/v2\/product\/2385\/revisions"}],"predecessor-version":[{"id":2387,"href":"https:\/\/wundshop.v2202409233605284516.goodsrv.de\/index.php?rest_route=\/wp\/v2\/product\/2385\/revisions\/2387"}],"wp:featuredmedia":[{"embeddable":true,"href":"https:\/\/wundshop.v2202409233605284516.goodsrv.de\/index.php?rest_route=\/wp\/v2\/media\/2386"}],"wp:attachment":[{"href":"https:\/\/wundshop.v2202409233605284516.goodsrv.de\/index.php?rest_route=%2Fwp%2Fv2%2Fmedia&parent=2385"}],"wp:term":[{"taxonomy":"product_brand","embeddable":true,"href":"https:\/\/wundshop.v2202409233605284516.goodsrv.de\/index.php?rest_route=%2Fwp%2Fv2%2Fproduct_brand&post=2385"},{"taxonomy":"product_cat","embeddable":true,"href":"https:\/\/wundshop.v2202409233605284516.goodsrv.de\/index.php?rest_route=%2Fwp%2Fv2%2Fproduct_cat&post=2385"},{"taxonomy":"product_tag","embeddable":true,"href":"https:\/\/wundshop.v2202409233605284516.goodsrv.de\/index.php?rest_route=%2Fwp%2Fv2%2Fproduct_tag&post=2385"}],"curies":[{"name":"wp","href":"https:\/\/api.w.org\/{rel}","templated":true}]}}