{"id":2379,"date":"2025-01-25T21:33:04","date_gmt":"2025-01-25T20:33:04","guid":{"rendered":"https:\/\/wundshop.v2202409233605284516.goodsrv.de\/?post_type=product&#038;p=2379"},"modified":"2025-01-25T21:33:56","modified_gmt":"2025-01-25T20:33:56","slug":"moskinto-mueckenpflaster-gegen-juckreiz-24-stk","status":"publish","type":"product","link":"https:\/\/wundshop.v2202409233605284516.goodsrv.de\/?product=moskinto-mueckenpflaster-gegen-juckreiz-24-stk","title":{"rendered":"MOSKINTO\u00ae M\u00fcckenpflaster \u2013 gegen Juckreiz, 24 Stk"},"content":{"rendered":"<h2 class=\"sqGkiQr o__5g37oh---typography-11-runningText o__5g37oh---priority-7-primary _HOcyB x4nptw sxbtulv\" aria-hidden=\"false\" data-hook=\"info-section-title\">Produktinformationen &#8220;MOSKINTO\u00ae M\u00fcckenpflaster&#8221;<\/h2>\n<div class=\"aecizt QfrfFD cell\"><\/div>\n<div class=\"rah-static rah-static--height-auto\" aria-hidden=\"false\">\n<div>\n<div class=\"ulKuLk QfrfFD cell\">\n<div class=\"zp8uy2\" data-hook=\"info-section-description\">\n<p>M\u00fcckenpflaster dabei?<\/p>\n<p>Von Fr\u00fchjahr bis Herbst ist in Europa M\u00fcckenzeit &#8211; und damit Stichsaison. Wer dann noch beruflich ins Ausland muss, oder plant, unserem tristen Winterwetter in Florida, S\u00fcdafrika oder auf Bali zu entkommen, wird \u00fcber das ganze Jahr hinweg von den kleinen Qu\u00e4lgeistern verfolgt. Wenn der Insektenschutz wie Moskitonetze, Fliegengitter oder selbst unser Insektenabwehrspray Aktivin\u00ae BiesterStop Plus einmal nicht zur Hand sein sollte, bieten M\u00fcckenpflaster wenigstens wirksame Linderung. F\u00fcr den Au\u00dfendienst und Gesch\u00e4ftsreisende geh\u00f6ren unsere MOSKINTO\u00ae M\u00fcckenpflaster daher auf jeden Fall zur Grundausstattung! In der praktischen, kleinen Spenderbox lassen sich die Pflaster immer sauber und trocken transportieren.<\/p>\n<p>MOSKINTO\u00ae: Linderung nach M\u00fcckenstichen<\/p>\n<p>Juckreiz nach Insektenstichen? Das MOSKINTO\u00ae Pflaster bietet die L\u00f6sung. Ohne Medikamente und chemische Wirkstoffe wird die Wirkung rein mechanisch erzielt: Das M\u00fcckenpflaster hebt die oberste Hautschicht leicht, was den Juckreiz unterbindet und die Schwellung rund um den Stich zur\u00fcckgehen l\u00e4sst. MOSKINTO\u00ae hilft auch bei Stichen von Bienen, dann aber bitte den Stachel zuvor aus der Stichwunde ziehen. Bei allergischen Reaktionen auf den Insektenstich sollte das Pflaster nicht angewendet werden.<\/p>\n<p>Einfache Anwendung des M\u00fcckenpflasters<\/p>\n<p>Das Pflaster von MOSKINTO\u00ae wird einfach \u00fcber den Stich geklebt und kurz angedr\u00fcckt. Zuvor sollten Sie die Haut um den Stich herum leicht reinigen, um einen besseren Halt zu gew\u00e4hrleisten. Daf\u00fcr eignen sich beispielsweise unsere Wund- und Hautreinigungstuch Werosalin\u00ae. Dank des speziellen Klebers h\u00e4lt das Pflaster ca. 5-7 Tage auf der Haut. Sp\u00e4testens dann ist der Stich verheilt und das Pflaster l\u00f6st sich von selbst. MOSKINTO hat bei der Zusammensetzung des Klebstoffes au\u00dferdem auf eine hohe Hautvertr\u00e4glichkeit geachtet, um eine zus\u00e4tzliche Reizung der Haut zu verhindern.<\/p>\n<p>M\u00fcckenstiche behandeln<\/p>\n<p>Eine Alternative zum Pflaster bei Insektenstichen ist unser Stichheiler bite away. Mit ihm l\u00e4sst sich die schmerzende, juckende Einstichstelle ebenfalls behandeln. Zwar nicht mechanisch, sondern durch kurzzeitig induzierte Hitze \u2013 aber genauso ungef\u00e4hrlich, wirksam und ohne Chemie.<\/p>\n<p>&nbsp;<\/p>\n<p>REF 50057<\/p>\n<\/div>\n<\/div>\n<\/div>\n<\/div>\n","protected":false},"excerpt":{"rendered":"<p>Das Pflaster gegen M\u00fcckenstiche \u2013 f\u00fcr Arbeit und unterwegs<\/p>\n<ul>\n<li>Inhalt: 24 Pflaster (2,7 x 2 cm)<\/li>\n<li>Handliche Box f\u00fcr unterwegs<\/li>\n<li>Hautfreundlicher Kleber<\/li>\n<li>Stoppt Juckreiz ohne chemische Wirkstoffe<\/li>\n<li>Auch f\u00fcr Kinder geeignet<\/li>\n<li>5-7 Tage Linderung<\/li>\n<li>Frei von Medikamenten<\/li>\n<\/ul>\n","protected":false},"featured_media":2381,"comment_status":"open","ping_status":"closed","template":"","meta":{"_seopress_robots_primary_cat":"","_seopress_titles_title":"","_seopress_titles_desc":"","_seopress_robots_index":""},"product_brand":[],"product_cat":[105],"product_tag":[631,623,636,634,632,627,626,630,380,622,625,620,621,633,624,612,629,635,628],"class_list":{"0":"post-2379","1":"product","2":"type-product","3":"status-publish","4":"has-post-thumbnail","6":"product_cat-wundversorgung","7":"product_tag-aussendienst","8":"product_tag-bienenstiche","9":"product_tag-bite-away","10":"product_tag-chemiefrei","11":"product_tag-geschaeftsreisende","12":"product_tag-hautreinigung","13":"product_tag-hautschicht","14":"product_tag-hautvertraeglichkeit","15":"product_tag-insektenstiche","16":"product_tag-juckreiz","17":"product_tag-mechanische-wirkung","18":"product_tag-moskinto","19":"product_tag-mueckenpflaster","20":"product_tag-mueckenzeit","21":"product_tag-ohne-medikamente","22":"product_tag-schwellung","23":"product_tag-spenderbox","24":"product_tag-stichheiler","25":"product_tag-werosalin","28":"instock","29":"shipping-taxable","30":"purchasable","31":"product-type-simple"},"_links":{"self":[{"href":"https:\/\/wundshop.v2202409233605284516.goodsrv.de\/index.php?rest_route=\/wp\/v2\/product\/2379","targetHints":{"allow":["GET"]}}],"collection":[{"href":"https:\/\/wundshop.v2202409233605284516.goodsrv.de\/index.php?rest_route=\/wp\/v2\/product"}],"about":[{"href":"https:\/\/wundshop.v2202409233605284516.goodsrv.de\/index.php?rest_route=\/wp\/v2\/types\/product"}],"replies":[{"embeddable":true,"href":"https:\/\/wundshop.v2202409233605284516.goodsrv.de\/index.php?rest_route=%2Fwp%2Fv2%2Fcomments&post=2379"}],"version-history":[{"count":1,"href":"https:\/\/wundshop.v2202409233605284516.goodsrv.de\/index.php?rest_route=\/wp\/v2\/product\/2379\/revisions"}],"predecessor-version":[{"id":2380,"href":"https:\/\/wundshop.v2202409233605284516.goodsrv.de\/index.php?rest_route=\/wp\/v2\/product\/2379\/revisions\/2380"}],"wp:featuredmedia":[{"embeddable":true,"href":"https:\/\/wundshop.v2202409233605284516.goodsrv.de\/index.php?rest_route=\/wp\/v2\/media\/2381"}],"wp:attachment":[{"href":"https:\/\/wundshop.v2202409233605284516.goodsrv.de\/index.php?rest_route=%2Fwp%2Fv2%2Fmedia&parent=2379"}],"wp:term":[{"taxonomy":"product_brand","embeddable":true,"href":"https:\/\/wundshop.v2202409233605284516.goodsrv.de\/index.php?rest_route=%2Fwp%2Fv2%2Fproduct_brand&post=2379"},{"taxonomy":"product_cat","embeddable":true,"href":"https:\/\/wundshop.v2202409233605284516.goodsrv.de\/index.php?rest_route=%2Fwp%2Fv2%2Fproduct_cat&post=2379"},{"taxonomy":"product_tag","embeddable":true,"href":"https:\/\/wundshop.v2202409233605284516.goodsrv.de\/index.php?rest_route=%2Fwp%2Fv2%2Fproduct_tag&post=2379"}],"curies":[{"name":"wp","href":"https:\/\/api.w.org\/{rel}","templated":true}]}}