{"id":2357,"date":"2025-01-25T21:14:54","date_gmt":"2025-01-25T20:14:54","guid":{"rendered":"https:\/\/wundshop.v2202409233605284516.goodsrv.de\/?post_type=product&#038;p=2357"},"modified":"2025-01-25T21:15:34","modified_gmt":"2025-01-25T20:15:34","slug":"weroplast-skincolor-pflasterstrips-48-stk","status":"publish","type":"product","link":"https:\/\/wundshop.v2202409233605284516.goodsrv.de\/?product=weroplast-skincolor-pflasterstrips-48-stk","title":{"rendered":"Weroplast\u00ae SkinColor Pflasterstrips, 48 Stk"},"content":{"rendered":"<h2 class=\"sqGkiQr o__5g37oh---typography-11-runningText o__5g37oh---priority-7-primary _HOcyB x4nptw sxbtulv\" aria-hidden=\"false\" data-hook=\"info-section-title\">Produktinformationen &#8220;SkinColor Pflasterstrips&#8221;<\/h2>\n<div class=\"aecizt QfrfFD cell\"><\/div>\n<div class=\"rah-static rah-static--height-auto\" aria-hidden=\"false\">\n<div>\n<div class=\"ulKuLk QfrfFD cell\">\n<div class=\"zp8uy2\" data-hook=\"info-section-description\">\n<div>\n<p>Die F\u00f6rderung einer sozialen, kulturellen und ethnischen Vielfalt gewinnt zunehmend an Bedeutung. Um Sie bei Ihrem Diversity Management unterst\u00fctzen zu k\u00f6nnen, bieten wir ab sofort Pflaster in unterschiedlichen Hautton-Farben an.<\/p>\n<p>&nbsp;<\/p>\n<\/div>\n<div>\n<table>\n<tbody>\n<tr>\n<td>REF<\/td>\n<td>150283<\/td>\n<\/tr>\n<tr>\n<td>Warengruppe<\/td>\n<td>A<\/td>\n<\/tr>\n<tr>\n<td>Eigenschaft<\/td>\n<td>hypoallergen, schmutzabweisend, wasserabweisend<\/td>\n<\/tr>\n<tr>\n<td>Marke<\/td>\n<td>WERO<\/td>\n<\/tr>\n<tr>\n<td>Farbe<\/td>\n<td>bunt<\/td>\n<\/tr>\n<\/tbody>\n<\/table>\n<\/div>\n<\/div>\n<\/div>\n<\/div>\n<\/div>\n","protected":false},"excerpt":{"rendered":"<p>Unsere neuen Weroplast\u00ae SkinColor Pflaster gibt es in vier Farben. Diese sind in einer Mix-Packung mit insgesamt 48 Pflastern erh\u00e4ltlich. Somit k\u00f6nnen Mitarbeitende immer das passende Pflaster w\u00e4hlen.<\/p>\n<ul>\n<li>F\u00fcr verschiedene Hautt\u00f6ne<\/li>\n<li>Wasser- und Schmutzabweisend<\/li>\n<li>Hypoallergen<\/li>\n<li>Luftdurchl\u00e4ssig<\/li>\n<li>4 unterschiedliche Farben \u00e0 12 Pflaster<\/li>\n<li>48 Stk \/ Pkg<\/li>\n<\/ul>\n","protected":false},"featured_media":2358,"comment_status":"open","ping_status":"closed","template":"","meta":{"_seopress_robots_primary_cat":"","_seopress_titles_title":"","_seopress_titles_desc":"","_seopress_robots_index":""},"product_brand":[],"product_cat":[482],"product_tag":[586,582,585,576,136,584,581,583,489,580],"class_list":{"0":"post-2357","1":"product","2":"type-product","3":"status-publish","4":"has-post-thumbnail","6":"product_cat-pflaster","7":"product_tag-bunte-auswahl","8":"product_tag-foerdert-soziale-und-kulturelle-vielfalt","9":"product_tag-hautfreundlich","10":"product_tag-hygienisch","11":"product_tag-hypoallergen","12":"product_tag-ideal-fuer-diversity-management","13":"product_tag-pflaster-in-verschiedenen-hautton-farben","14":"product_tag-schmutzabweisend","15":"product_tag-wasserabweisend","16":"product_tag-wero-skincolor-pflasterstrips","19":"instock","20":"shipping-taxable","21":"purchasable","22":"product-type-simple"},"_links":{"self":[{"href":"https:\/\/wundshop.v2202409233605284516.goodsrv.de\/index.php?rest_route=\/wp\/v2\/product\/2357","targetHints":{"allow":["GET"]}}],"collection":[{"href":"https:\/\/wundshop.v2202409233605284516.goodsrv.de\/index.php?rest_route=\/wp\/v2\/product"}],"about":[{"href":"https:\/\/wundshop.v2202409233605284516.goodsrv.de\/index.php?rest_route=\/wp\/v2\/types\/product"}],"replies":[{"embeddable":true,"href":"https:\/\/wundshop.v2202409233605284516.goodsrv.de\/index.php?rest_route=%2Fwp%2Fv2%2Fcomments&post=2357"}],"version-history":[{"count":2,"href":"https:\/\/wundshop.v2202409233605284516.goodsrv.de\/index.php?rest_route=\/wp\/v2\/product\/2357\/revisions"}],"predecessor-version":[{"id":2361,"href":"https:\/\/wundshop.v2202409233605284516.goodsrv.de\/index.php?rest_route=\/wp\/v2\/product\/2357\/revisions\/2361"}],"wp:featuredmedia":[{"embeddable":true,"href":"https:\/\/wundshop.v2202409233605284516.goodsrv.de\/index.php?rest_route=\/wp\/v2\/media\/2358"}],"wp:attachment":[{"href":"https:\/\/wundshop.v2202409233605284516.goodsrv.de\/index.php?rest_route=%2Fwp%2Fv2%2Fmedia&parent=2357"}],"wp:term":[{"taxonomy":"product_brand","embeddable":true,"href":"https:\/\/wundshop.v2202409233605284516.goodsrv.de\/index.php?rest_route=%2Fwp%2Fv2%2Fproduct_brand&post=2357"},{"taxonomy":"product_cat","embeddable":true,"href":"https:\/\/wundshop.v2202409233605284516.goodsrv.de\/index.php?rest_route=%2Fwp%2Fv2%2Fproduct_cat&post=2357"},{"taxonomy":"product_tag","embeddable":true,"href":"https:\/\/wundshop.v2202409233605284516.goodsrv.de\/index.php?rest_route=%2Fwp%2Fv2%2Fproduct_tag&post=2357"}],"curies":[{"name":"wp","href":"https:\/\/api.w.org\/{rel}","templated":true}]}}