{"id":2349,"date":"2025-01-25T21:10:42","date_gmt":"2025-01-25T20:10:42","guid":{"rendered":"https:\/\/wundshop.v2202409233605284516.goodsrv.de\/?post_type=product&#038;p=2349"},"modified":"2025-01-25T21:12:36","modified_gmt":"2025-01-25T20:12:36","slug":"smart-box-pflasterspender-gefuellt-mit-powertex-pflasterstrips-fingerpflaster","status":"publish","type":"product","link":"https:\/\/wundshop.v2202409233605284516.goodsrv.de\/?product=smart-box-pflasterspender-gefuellt-mit-powertex-pflasterstrips-fingerpflaster","title":{"rendered":"Smart Box\u00ae Pflasterspender gef\u00fcllt mit PowerTex Pflasterstrips &#038; Fingerpflaster"},"content":{"rendered":"<h2 class=\"sqGkiQr o__5g37oh---typography-11-runningText o__5g37oh---priority-7-primary _HOcyB x4nptw sxbtulv\" aria-hidden=\"false\" data-hook=\"info-section-title\">Produktinformationen &#8220;Smart Box\u00ae Pflasterspender&#8221;<\/h2>\n<div class=\"aecizt QfrfFD cell\"><\/div>\n<div class=\"rah-static rah-static--height-auto\" aria-hidden=\"false\">\n<div>\n<div class=\"ulKuLk QfrfFD cell\">\n<div class=\"zp8uy2\" data-hook=\"info-section-description\">\n<div>\n<p>Die Werosmart\u00ae PowerTex Sofortpflaster zeichnen sich durch ihre extra starke Klebkraft sowie das schwarze Textilgewebe aus. Die Sofortpflaster sind sehr robust und anpassungsf\u00e4hig zu gleich.<\/p>\n<p>Der Pflasterspender l\u00e4sst sich \u00fcberall montieren und sch\u00fctzt die Sofortpflaster-Eins\u00e4tze vor Staub und N\u00e4sse. Dank dem robusten Kunststoff ist sie perfekt f\u00fcr jeden Arbeitsalltag geeignet. Die Sofortpflaster lassen sich einfach mit einer Hand herausziehen und sind sofort verwendbar. Beim Herausziehen bleibt die eine H\u00e4lfte der Schutzfolie im Pflastereinsatz zur\u00fcck. Das Sofortpflaster kann so mit der freien Klebefl\u00e4che an der richtigen Stelle fixiert werden, ohne dass man mit den Fingerspitzen die Klebefl\u00e4che ber\u00fchren muss: schnell, unkompliziert und sauber. Zus\u00e4tzlich sind die Sofortpflaster-Eins\u00e4tze vor unberechtigter Entnahme gesichert und k\u00f6nnen mit einem Entriegelungsschl\u00fcssel schnell ausgetauscht werden.<\/p>\n<p>Montage<\/p>\n<p>Der Pflasterspender l\u00e4sst sich mit den mitgelieferten Schrauben und D\u00fcbeln sicher am Ort Ihrer Wahl befestigen. Sollten bereits Bohrl\u00f6cher von einem vorherigen Pflasterspender vorhanden sein, kann die WERO Smart Box\u00ae, dank des variablen Lochabstands, einfach an den vorhandenen L\u00f6chern angebracht werden.<\/p>\n<p>Lieferumfang<\/p>\n<ul>\n<li>1x WERO Smart Box\u00ae<\/li>\n<li>1x Werosmart\u00ae PowerTex Pflasterstrips 7,2 x 2,5 cm<\/li>\n<li>1x Werosmart\u00ae PowerTex Fingerpflaster 12 x 2 cm<\/li>\n<li>1x Entriegelungsschl\u00fcssel<\/li>\n<li>1x Montageset bestehend aus 2x Schrauben und 2x D\u00fcbel<\/li>\n<\/ul>\n<p>Material<\/p>\n<p>Geh\u00e4use: Robuster ABS Kunststoff, orange\/grau<br \/>\nDeckel: Strapazierf\u00e4higes Polycarbonat<\/p>\n<p>Abmessung<\/p>\n<p>B 20 x H 14 x T 7,5cm<\/p>\n<p>&nbsp;<\/p>\n<\/div>\n<div>\n<table style=\"height: 107px;\" width=\"240\">\n<tbody>\n<tr>\n<td>REF<\/td>\n<td>160732<\/td>\n<\/tr>\n<tr>\n<td>Marke<\/td>\n<td>WERO<\/td>\n<\/tr>\n<tr>\n<td>Beh\u00e4ltnis<\/td>\n<td>Pflasterspender<\/td>\n<\/tr>\n<\/tbody>\n<\/table>\n<\/div>\n<\/div>\n<\/div>\n<\/div>\n<\/div>\n","protected":false},"excerpt":{"rendered":"<p>Unser extrastarkes im schwarzen Gewand: Werosmart\u00ae PowerTex f\u00fcr trockene bis leicht feuchte Anwendungsbereiche \u2013 zur schnellen Wundversorgung und immer einsatzbereit.<\/p>\n<ul>\n<li>Gef\u00fcllt mit Werosmart\u00ae PowerTex Pflasterstrips und Fingerpflaster (12 x 2 cm)<\/li>\n<li>Gebrauchsfertige Sofortpflaster sofort zur Hand<\/li>\n<li>Gro\u00dfe \u00d6ffnung zur einfachen Entnahme<\/li>\n<li>Einh\u00e4ndig anwendbar<\/li>\n<li>Sofortpflaster in bew\u00e4hrter WERO Qualit\u00e4t<\/li>\n<li>Einfache Montage<\/li>\n<li>Diebstahlschutz \u2013 Sofortpflaster-Eins\u00e4tze sind vor unberechtigter Entnahme gesichert<\/li>\n<li>Einfache Montage<\/li>\n<li>Winner Red Dot 2020<\/li>\n<\/ul>\n","protected":false},"featured_media":2350,"comment_status":"open","ping_status":"closed","template":"","meta":{"_seopress_robots_primary_cat":"","_seopress_titles_title":"","_seopress_titles_desc":"","_seopress_robots_index":""},"product_brand":[],"product_cat":[559],"product_tag":[565,567,568,562,576,575,566,569,578,564,571,579,577,563,561,572,570,560,574,573],"class_list":{"0":"post-2349","1":"product","2":"type-product","3":"status-publish","4":"has-post-thumbnail","6":"product_cat-pflasterspender","7":"product_tag-anpassungsfaehig","8":"product_tag-einhaendige-entnahme","9":"product_tag-entriegelungsschluessel","10":"product_tag-extra-starke-klebkraft","11":"product_tag-hygienisch","12":"product_tag-ideal-fuer-arbeitsumfelder","13":"product_tag-mit-schutz-vor-staub-und-naesse","14":"product_tag-montage-mit-schrauben-und-duebel","15":"product_tag-praktisch","16":"product_tag-robust","17":"product_tag-robustes-abs-kunststoffgehaeuse","18":"product_tag-sauber","19":"product_tag-schnell","20":"product_tag-schwarzes-textilgewebe","21":"product_tag-sofortpflaster","22":"product_tag-strapazierfaehiger-polycarbonat-deckel","23":"product_tag-variabler-lochabstand-fuer-einfache-befestigung","24":"product_tag-wero-smart-box-pflasterspender","25":"product_tag-werosmart-powertex-fingerpflaster","26":"product_tag-werosmart-powertex-pflasterstrips","29":"instock","30":"shipping-taxable","31":"purchasable","32":"product-type-simple"},"_links":{"self":[{"href":"https:\/\/wundshop.v2202409233605284516.goodsrv.de\/index.php?rest_route=\/wp\/v2\/product\/2349","targetHints":{"allow":["GET"]}}],"collection":[{"href":"https:\/\/wundshop.v2202409233605284516.goodsrv.de\/index.php?rest_route=\/wp\/v2\/product"}],"about":[{"href":"https:\/\/wundshop.v2202409233605284516.goodsrv.de\/index.php?rest_route=\/wp\/v2\/types\/product"}],"replies":[{"embeddable":true,"href":"https:\/\/wundshop.v2202409233605284516.goodsrv.de\/index.php?rest_route=%2Fwp%2Fv2%2Fcomments&post=2349"}],"version-history":[{"count":1,"href":"https:\/\/wundshop.v2202409233605284516.goodsrv.de\/index.php?rest_route=\/wp\/v2\/product\/2349\/revisions"}],"predecessor-version":[{"id":2356,"href":"https:\/\/wundshop.v2202409233605284516.goodsrv.de\/index.php?rest_route=\/wp\/v2\/product\/2349\/revisions\/2356"}],"wp:featuredmedia":[{"embeddable":true,"href":"https:\/\/wundshop.v2202409233605284516.goodsrv.de\/index.php?rest_route=\/wp\/v2\/media\/2350"}],"wp:attachment":[{"href":"https:\/\/wundshop.v2202409233605284516.goodsrv.de\/index.php?rest_route=%2Fwp%2Fv2%2Fmedia&parent=2349"}],"wp:term":[{"taxonomy":"product_brand","embeddable":true,"href":"https:\/\/wundshop.v2202409233605284516.goodsrv.de\/index.php?rest_route=%2Fwp%2Fv2%2Fproduct_brand&post=2349"},{"taxonomy":"product_cat","embeddable":true,"href":"https:\/\/wundshop.v2202409233605284516.goodsrv.de\/index.php?rest_route=%2Fwp%2Fv2%2Fproduct_cat&post=2349"},{"taxonomy":"product_tag","embeddable":true,"href":"https:\/\/wundshop.v2202409233605284516.goodsrv.de\/index.php?rest_route=%2Fwp%2Fv2%2Fproduct_tag&post=2349"}],"curies":[{"name":"wp","href":"https:\/\/api.w.org\/{rel}","templated":true}]}}