{"id":2347,"date":"2025-01-25T21:05:15","date_gmt":"2025-01-25T20:05:15","guid":{"rendered":"https:\/\/wundshop.v2202409233605284516.goodsrv.de\/?post_type=product&#038;p=2347"},"modified":"2025-01-25T21:05:16","modified_gmt":"2025-01-25T20:05:16","slug":"ambu-spur-ii-einmal-beatmungsbeutel-neugeborene","status":"publish","type":"product","link":"https:\/\/wundshop.v2202409233605284516.goodsrv.de\/?product=ambu-spur-ii-einmal-beatmungsbeutel-neugeborene","title":{"rendered":"Ambu\u00ae SPUR\u00ae II Einmal-Beatmungsbeutel Neugeborene"},"content":{"rendered":"<h2 class=\"sqGkiQr o__5g37oh---typography-11-runningText o__5g37oh---priority-7-primary _HOcyB x4nptw sxbtulv\" aria-hidden=\"false\" data-hook=\"info-section-title\">Produktinformationen &#8220;Einmal-Beatmungsbeutel&#8221;<\/h2>\n<div class=\"aecizt QfrfFD cell\"><\/div>\n<div class=\"rah-static rah-static--height-auto\" aria-hidden=\"false\">\n<div>\n<div class=\"ulKuLk QfrfFD cell\">\n<div class=\"zp8uy2\" data-hook=\"info-section-description\">\n<div>\n<p>Beutelvolumen: 220 ml<br \/>\nHubvolumen: 150 ml<br \/>\nVolumen O2-Reservoir: ca. 300 ml<br \/>\nAbmessungen (L x D): 165 x 70 mm<br \/>\nPatientenstutzen: 22\/15 mm (ISO)<br \/>\nExspirationsstutzen: 30 mm<\/p>\n<p>Mannometeranschluss<\/p>\n<p>&nbsp;<\/p>\n<\/div>\n<div>\n<table style=\"height: 86px;\" width=\"252\">\n<tbody>\n<tr>\n<td>REF<\/td>\n<td>220005<\/td>\n<\/tr>\n<tr>\n<td>Produkttyp<\/td>\n<td>Beatmungsbeutel<\/td>\n<\/tr>\n<\/tbody>\n<\/table>\n<\/div>\n<\/div>\n<\/div>\n<\/div>\n<\/div>\n","protected":false},"excerpt":{"rendered":"<p>Geeignet f\u00fcr Fr\u00fch-\/Neugeborene und S\u00e4uglinge bis 10 kg K\u00f6rpergewicht (bis ca. 1 Jahr)<br \/>\nKomplettset inkl. Gesichtsmaske, Sauerstoffreservoir und Sauerstoffzuleitungsschlauch<\/p>\n<p>&nbsp;<\/p>\n<p>Eigenschaften:<\/p>\n<ul>\n<li>Mit Druckbegrenzungsventil, begrenzt den Beatmungsdruck auf max 40 cm H2O<\/li>\n<li>Sehr leichte Kompression bei minimalem mechanischem Widerstand<\/li>\n<li>Einmembranpatientenventil sorgt f\u00fcr verl\u00e4ssliche Funktionalit\u00e4t<\/li>\n<li>Ausgezeichnete Kontrolle des Hubvolumens<\/li>\n<li>Umweltfreundliches SEBS-Material<\/li>\n<li>D\u00fcnnwandige SafeGrip Oberfl\u00e4che<\/li>\n<li>Integrierte Handschlaufe<\/li>\n<\/ul>\n","protected":false},"featured_media":2343,"comment_status":"open","ping_status":"closed","template":"","meta":{"_seopress_robots_primary_cat":"","_seopress_titles_title":"","_seopress_titles_desc":"","_seopress_robots_index":""},"product_brand":[],"product_cat":[540],"product_tag":[554,512,548,551,510,532,556,558,552,557,547,511,550,553,555,529,549],"class_list":{"0":"post-2347","1":"product","2":"type-product","3":"status-publish","4":"has-post-thumbnail","6":"product_cat-einmal-beatmungsbeutel","7":"product_tag-abmessungen-165-x-70-mm","8":"product_tag-atemstillstand","9":"product_tag-beatmung","10":"product_tag-beutelvolumen-220-ml","11":"product_tag-einmal-beatmungsbeutel","12":"product_tag-einmalgebrauch","13":"product_tag-exspirationsstutzen-30-mm","14":"product_tag-fuer-notfaelle","15":"product_tag-hubvolumen-150-ml","16":"product_tag-kompakt","17":"product_tag-mannometeranschluss","18":"product_tag-manuelles-beatmungsgeraet","19":"product_tag-medizinisches-equipment","20":"product_tag-o2-reservoir-ca-300-ml","21":"product_tag-patientenstutzen-22-15-mm-iso","22":"product_tag-rettungsdienst","23":"product_tag-sauerstoffzufuhr","26":"instock","27":"shipping-taxable","28":"purchasable","29":"product-type-simple"},"_links":{"self":[{"href":"https:\/\/wundshop.v2202409233605284516.goodsrv.de\/index.php?rest_route=\/wp\/v2\/product\/2347","targetHints":{"allow":["GET"]}}],"collection":[{"href":"https:\/\/wundshop.v2202409233605284516.goodsrv.de\/index.php?rest_route=\/wp\/v2\/product"}],"about":[{"href":"https:\/\/wundshop.v2202409233605284516.goodsrv.de\/index.php?rest_route=\/wp\/v2\/types\/product"}],"replies":[{"embeddable":true,"href":"https:\/\/wundshop.v2202409233605284516.goodsrv.de\/index.php?rest_route=%2Fwp%2Fv2%2Fcomments&post=2347"}],"version-history":[{"count":1,"href":"https:\/\/wundshop.v2202409233605284516.goodsrv.de\/index.php?rest_route=\/wp\/v2\/product\/2347\/revisions"}],"predecessor-version":[{"id":2348,"href":"https:\/\/wundshop.v2202409233605284516.goodsrv.de\/index.php?rest_route=\/wp\/v2\/product\/2347\/revisions\/2348"}],"wp:featuredmedia":[{"embeddable":true,"href":"https:\/\/wundshop.v2202409233605284516.goodsrv.de\/index.php?rest_route=\/wp\/v2\/media\/2343"}],"wp:attachment":[{"href":"https:\/\/wundshop.v2202409233605284516.goodsrv.de\/index.php?rest_route=%2Fwp%2Fv2%2Fmedia&parent=2347"}],"wp:term":[{"taxonomy":"product_brand","embeddable":true,"href":"https:\/\/wundshop.v2202409233605284516.goodsrv.de\/index.php?rest_route=%2Fwp%2Fv2%2Fproduct_brand&post=2347"},{"taxonomy":"product_cat","embeddable":true,"href":"https:\/\/wundshop.v2202409233605284516.goodsrv.de\/index.php?rest_route=%2Fwp%2Fv2%2Fproduct_cat&post=2347"},{"taxonomy":"product_tag","embeddable":true,"href":"https:\/\/wundshop.v2202409233605284516.goodsrv.de\/index.php?rest_route=%2Fwp%2Fv2%2Fproduct_tag&post=2347"}],"curies":[{"name":"wp","href":"https:\/\/api.w.org\/{rel}","templated":true}]}}