{"id":2345,"date":"2025-01-25T21:02:35","date_gmt":"2025-01-25T20:02:35","guid":{"rendered":"https:\/\/wundshop.v2202409233605284516.goodsrv.de\/?post_type=product&#038;p=2345"},"modified":"2025-01-25T21:02:35","modified_gmt":"2025-01-25T20:02:35","slug":"ambu-spur-ii-einmal-beatmungsbeutel-kinder","status":"publish","type":"product","link":"https:\/\/wundshop.v2202409233605284516.goodsrv.de\/?product=ambu-spur-ii-einmal-beatmungsbeutel-kinder","title":{"rendered":"Ambu\u00ae SPUR\u00ae II Einmal-Beatmungsbeutel Kinder"},"content":{"rendered":"<h2 class=\"sqGkiQr o__5g37oh---typography-11-runningText o__5g37oh---priority-7-primary _HOcyB x4nptw sxbtulv\" aria-hidden=\"false\" data-hook=\"info-section-title\">Produktinformationen &#8220;Einmal-Beatmungsbeutel&#8221;<\/h2>\n<div class=\"aecizt QfrfFD cell\"><\/div>\n<div class=\"rah-static rah-static--height-auto\" aria-hidden=\"false\">\n<div>\n<div class=\"ulKuLk QfrfFD cell\">\n<div class=\"zp8uy2\" data-hook=\"info-section-description\">\n<div>\n<p>Beutelvolumen: 635 ml<br \/>\nHubvolumen: 450 ml<br \/>\nVolumen O2-Reservoir: 2600 ml<br \/>\nAbmessungen (L x D): 234 x 99 mm<br \/>\nPatientenstutzen: 22\/15 mm (ISO)<br \/>\nExspirationskonnektor: 30 mm<\/p>\n<p>Mannometeranschluss<\/p>\n<p>&nbsp;<\/p>\n<\/div>\n<div>\n<table style=\"height: 80px;\" width=\"254\">\n<tbody>\n<tr>\n<td>REF<\/td>\n<td>220004<\/td>\n<\/tr>\n<tr>\n<td>Produkttyp<\/td>\n<td>Beatmungsbeutel<\/td>\n<\/tr>\n<\/tbody>\n<\/table>\n<\/div>\n<\/div>\n<\/div>\n<\/div>\n<\/div>\n","protected":false},"excerpt":{"rendered":"<p>Geeignet f\u00fcr Kinder bis 30 kg K\u00f6rpergewicht (ca. 1 \u2013 10 Jahre)<br \/>\nKomplettset inkl. Gesichtsmaske, Sauerstoffreservoir und Sauerstoffzuleitungsschlauch<\/p>\n<p>&nbsp;<\/p>\n<p>Eigenschaften:<\/p>\n<ul>\n<li>Mit Demandventilanschluss<\/li>\n<li>Mit Druckbegrenzungsventil, begrenzt den Beatmungsdruck auf max 40 cm H2O<\/li>\n<li>Sehr leichte Kompression bei minimalem mechanischem Widerstand<\/li>\n<li>Einmembranpatientenventil sorgt f\u00fcr verl\u00e4ssliche Funktionalit\u00e4t<\/li>\n<li>Ausgezeichnete Kontrolle des Hubvolumens<\/li>\n<li>Umweltfreundliches SEBS-Material<\/li>\n<li>D\u00fcnnwandige SafeGrip Oberfl\u00e4che<\/li>\n<li>Integrierte Handschlaufe<\/li>\n<\/ul>\n","protected":false},"featured_media":2343,"comment_status":"open","ping_status":"closed","template":"","meta":{"_seopress_robots_primary_cat":"","_seopress_titles_title":"","_seopress_titles_desc":"","_seopress_robots_index":""},"product_brand":[],"product_cat":[540],"product_tag":[544,512,548,541,510,532,546,542,547,511,550,533,543,545,529,549],"class_list":{"0":"post-2345","1":"product","2":"type-product","3":"status-publish","4":"has-post-thumbnail","6":"product_cat-einmal-beatmungsbeutel","7":"product_tag-abmessungen-234-x-99-mm","8":"product_tag-atemstillstand","9":"product_tag-beatmung","10":"product_tag-beutelvolumen-635-ml","11":"product_tag-einmal-beatmungsbeutel","12":"product_tag-einmalgebrauch","13":"product_tag-exspirationskonnektor-30-mm","14":"product_tag-hubvolumen-450-ml","15":"product_tag-mannometeranschluss","16":"product_tag-manuelles-beatmungsgeraet","17":"product_tag-medizinisches-equipment","18":"product_tag-mehrfach-verwendbar","19":"product_tag-o2-reservoir-2600-ml","20":"product_tag-patientenstutzen-22-15-mm","21":"product_tag-rettungsdienst","22":"product_tag-sauerstoffzufuhr","25":"instock","26":"shipping-taxable","27":"purchasable","28":"product-type-simple"},"_links":{"self":[{"href":"https:\/\/wundshop.v2202409233605284516.goodsrv.de\/index.php?rest_route=\/wp\/v2\/product\/2345","targetHints":{"allow":["GET"]}}],"collection":[{"href":"https:\/\/wundshop.v2202409233605284516.goodsrv.de\/index.php?rest_route=\/wp\/v2\/product"}],"about":[{"href":"https:\/\/wundshop.v2202409233605284516.goodsrv.de\/index.php?rest_route=\/wp\/v2\/types\/product"}],"replies":[{"embeddable":true,"href":"https:\/\/wundshop.v2202409233605284516.goodsrv.de\/index.php?rest_route=%2Fwp%2Fv2%2Fcomments&post=2345"}],"version-history":[{"count":1,"href":"https:\/\/wundshop.v2202409233605284516.goodsrv.de\/index.php?rest_route=\/wp\/v2\/product\/2345\/revisions"}],"predecessor-version":[{"id":2346,"href":"https:\/\/wundshop.v2202409233605284516.goodsrv.de\/index.php?rest_route=\/wp\/v2\/product\/2345\/revisions\/2346"}],"wp:featuredmedia":[{"embeddable":true,"href":"https:\/\/wundshop.v2202409233605284516.goodsrv.de\/index.php?rest_route=\/wp\/v2\/media\/2343"}],"wp:attachment":[{"href":"https:\/\/wundshop.v2202409233605284516.goodsrv.de\/index.php?rest_route=%2Fwp%2Fv2%2Fmedia&parent=2345"}],"wp:term":[{"taxonomy":"product_brand","embeddable":true,"href":"https:\/\/wundshop.v2202409233605284516.goodsrv.de\/index.php?rest_route=%2Fwp%2Fv2%2Fproduct_brand&post=2345"},{"taxonomy":"product_cat","embeddable":true,"href":"https:\/\/wundshop.v2202409233605284516.goodsrv.de\/index.php?rest_route=%2Fwp%2Fv2%2Fproduct_cat&post=2345"},{"taxonomy":"product_tag","embeddable":true,"href":"https:\/\/wundshop.v2202409233605284516.goodsrv.de\/index.php?rest_route=%2Fwp%2Fv2%2Fproduct_tag&post=2345"}],"curies":[{"name":"wp","href":"https:\/\/api.w.org\/{rel}","templated":true}]}}