{"id":2317,"date":"2025-01-25T20:37:29","date_gmt":"2025-01-25T19:37:29","guid":{"rendered":"https:\/\/wundshop.v2202409233605284516.goodsrv.de\/?post_type=product&#038;p=2317"},"modified":"2025-01-25T20:38:00","modified_gmt":"2025-01-25T19:38:00","slug":"verbrennungs-set-mini","status":"publish","type":"product","link":"https:\/\/wundshop.v2202409233605284516.goodsrv.de\/?product=verbrennungs-set-mini","title":{"rendered":"Verbrennungs-Set, Mini"},"content":{"rendered":"<h2 class=\"sqGkiQr o__5g37oh---typography-11-runningText o__5g37oh---priority-7-primary _HOcyB x4nptw sxbtulv\" aria-hidden=\"false\" data-hook=\"info-section-title\">Produktinformationen &#8220;Verbrennungs-Set, Mini&#8221;<\/h2>\n<div class=\"aecizt QfrfFD cell\"><\/div>\n<div class=\"rah-static rah-static--height-auto\" aria-hidden=\"false\">\n<div>\n<div class=\"ulKuLk QfrfFD cell\">\n<div class=\"zp8uy2\" data-hook=\"info-section-description\">\n<div>\n<p>Inhalt:<\/p>\n<ul>\n<li>1 COOL JEL K\u00fchlendes Gel bei Verbrennungen, 50 ml-Flasche<\/li>\n<li>1 WATER-JEL\u00ae HA First Responder, Kompressen bei Verbrennungen 10 x 10 cm<\/li>\n<li>1 Elastische Fixierbinde 6 cm x 4 m<\/li>\n<li>1 WATER-JEL\u00ae HA First Responder, Kompressen bei Verbrennungen 5 x 15 cm<\/li>\n<li>4 WERO DuraLine\u00ae Einmalhandschuhe<\/li>\n<\/ul>\n<p>Lieferung im Druckverschlussbeutel<\/p>\n<p>&nbsp;<\/p>\n<\/div>\n<div>\n<table style=\"height: 51px;\" width=\"157\">\n<tbody>\n<tr>\n<td>REF<\/td>\n<td>206360<\/td>\n<\/tr>\n<\/tbody>\n<\/table>\n<\/div>\n<\/div>\n<\/div>\n<\/div>\n<\/div>\n","protected":false},"excerpt":{"rendered":"<p>Mini-Ausf\u00fchrung des WERO Verbrennungs-Sets. Deckt ca. 2 % des K\u00f6rpers ab. Gegen wei\u00dfen Phosphor wirksam.<\/p>\n<ul>\n<li>Eine Gebrauchsanleitung<\/li>\n<li>COOL JEL f\u00fcr kleinere Verbrennungen in einer wiederverschlie\u00dfbaren Flasche<\/li>\n<li>WATER-JEL\u00ae HA First Responder Kompressen zum Abdecken von Wunden<\/li>\n<li>Elastische Fixierbinde<\/li>\n<li>WERO DuraLine\u00ae Einmalhandschuhe<\/li>\n<\/ul>\n","protected":false},"featured_media":2318,"comment_status":"open","ping_status":"closed","template":"","meta":{"_seopress_robots_primary_cat":"","_seopress_titles_title":"","_seopress_titles_desc":"","_seopress_robots_index":""},"product_brand":[],"product_cat":[472],"product_tag":[461,475,460,465,440,481,418,480,459,441,479,442,454,457,466],"class_list":{"0":"post-2317","1":"product","2":"type-product","3":"status-publish","4":"has-post-thumbnail","6":"product_cat-verbrennungs-set","7":"product_tag-10x10-cm","8":"product_tag-50-ml","9":"product_tag-5x15-cm","10":"product_tag-6-cm-x-4-m","11":"product_tag-cool-jel","12":"product_tag-druckverschlussbeutel","13":"product_tag-einmalhandschuhe","14":"product_tag-elastische-fixierbinde","15":"product_tag-kompressen","16":"product_tag-kuehlendes-gel","17":"product_tag-mini","18":"product_tag-verbrennungen","19":"product_tag-verbrennungs-set","20":"product_tag-water-jel","21":"product_tag-wero-duraline","24":"instock","25":"shipping-taxable","26":"purchasable","27":"product-type-simple"},"_links":{"self":[{"href":"https:\/\/wundshop.v2202409233605284516.goodsrv.de\/index.php?rest_route=\/wp\/v2\/product\/2317","targetHints":{"allow":["GET"]}}],"collection":[{"href":"https:\/\/wundshop.v2202409233605284516.goodsrv.de\/index.php?rest_route=\/wp\/v2\/product"}],"about":[{"href":"https:\/\/wundshop.v2202409233605284516.goodsrv.de\/index.php?rest_route=\/wp\/v2\/types\/product"}],"replies":[{"embeddable":true,"href":"https:\/\/wundshop.v2202409233605284516.goodsrv.de\/index.php?rest_route=%2Fwp%2Fv2%2Fcomments&post=2317"}],"version-history":[{"count":2,"href":"https:\/\/wundshop.v2202409233605284516.goodsrv.de\/index.php?rest_route=\/wp\/v2\/product\/2317\/revisions"}],"predecessor-version":[{"id":2321,"href":"https:\/\/wundshop.v2202409233605284516.goodsrv.de\/index.php?rest_route=\/wp\/v2\/product\/2317\/revisions\/2321"}],"wp:featuredmedia":[{"embeddable":true,"href":"https:\/\/wundshop.v2202409233605284516.goodsrv.de\/index.php?rest_route=\/wp\/v2\/media\/2318"}],"wp:attachment":[{"href":"https:\/\/wundshop.v2202409233605284516.goodsrv.de\/index.php?rest_route=%2Fwp%2Fv2%2Fmedia&parent=2317"}],"wp:term":[{"taxonomy":"product_brand","embeddable":true,"href":"https:\/\/wundshop.v2202409233605284516.goodsrv.de\/index.php?rest_route=%2Fwp%2Fv2%2Fproduct_brand&post=2317"},{"taxonomy":"product_cat","embeddable":true,"href":"https:\/\/wundshop.v2202409233605284516.goodsrv.de\/index.php?rest_route=%2Fwp%2Fv2%2Fproduct_cat&post=2317"},{"taxonomy":"product_tag","embeddable":true,"href":"https:\/\/wundshop.v2202409233605284516.goodsrv.de\/index.php?rest_route=%2Fwp%2Fv2%2Fproduct_tag&post=2317"}],"curies":[{"name":"wp","href":"https:\/\/api.w.org\/{rel}","templated":true}]}}