{"id":2277,"date":"2025-01-25T20:00:02","date_gmt":"2025-01-25T19:00:02","guid":{"rendered":"https:\/\/wundshop.v2202409233605284516.goodsrv.de\/?post_type=product&#038;p=2277"},"modified":"2025-01-25T20:06:16","modified_gmt":"2025-01-25T19:06:16","slug":"hautpflegelotion-aktivin-purachill","status":"publish","type":"product","link":"https:\/\/wundshop.v2202409233605284516.goodsrv.de\/?product=hautpflegelotion-aktivin-purachill","title":{"rendered":"Hautpflegelotion Aktivin\u00ae PuraChill"},"content":{"rendered":"<h2 class=\"sqGkiQr o__5g37oh---typography-11-runningText o__5g37oh---priority-7-primary _HOcyB x4nptw sxbtulv\" aria-hidden=\"false\" data-hook=\"info-section-title\">Produktinformationen &#8220;Hautpflegelotion&#8221;<\/h2>\n<div class=\"aecizt QfrfFD cell\"><\/div>\n<div class=\"rah-static rah-static--height-auto\" aria-hidden=\"false\">\n<div>\n<div class=\"ulKuLk QfrfFD cell\">\n<div class=\"zp8uy2\" data-hook=\"info-section-description\">\n<div>\n<p>Die t\u00e4gliche Entspannung f\u00fcr die Haut. Mit Shea Butter, Mandel\u00f6l und Vitamin E. Nach der Arbeit aufgetragen, sorgt die schnell einziehende Pflegelotion f\u00fcr weiche und geschmeidige Haut. Sehr ergiebig und f\u00fcr alle Hauttypen geeignet.<br \/>\nGeeignet zur Verwendung im Lebensmittelbereich.<\/p>\n<p>Anwendung<\/p>\n<p>H\u00e4nde: Nach dem H\u00e4ndewaschen, in den Pausen und nach Arbeitsende gr\u00fcndlich in die trockenen H\u00e4nde einmassieren. Beim Eincremen Fingerkuppen, Fingerzwischenr\u00e4ume und Nagelfalze beachten.<\/p>\n<p>Haut: Nach dem Duschen d\u00fcnn auftragen und in die Haut einmassieren.<\/p>\n<p>Ingredients (INCI)<\/p>\n<p>AQUA, PARAFFINUM LIQUIDUM, ISOPROPYL PALMITATE, POLYGLYCERYL-3 POLYRICINOLEATE, BUTYROSPERMUM PARKII BUTTER, PRUNUS AMYGDALUS DULCIS OIL, PROPYLENE GLYCOL, TOCOPHERYL ACETATE, DIPROPYLENE GLYCOL, SODIUM CARBOMER, ACRYLATES \/ C10-30 ALKYL ACRYLATE CROSSPOLYMER, GLYCERYL CAPRYLATE, CAPRYLYL GLYCOL, SODIUM HYDROXIDE<\/p>\n<p>&nbsp;<\/p>\n<\/div>\n<div>\n<table style=\"height: 86px;\" width=\"230\">\n<tbody>\n<tr>\n<td>REF<\/td>\n<td>20050014<\/td>\n<\/tr>\n<tr>\n<td>Warengruppe<\/td>\n<td>AP<\/td>\n<\/tr>\n<\/tbody>\n<\/table>\n<\/div>\n<\/div>\n<\/div>\n<\/div>\n<\/div>\n","protected":false},"excerpt":{"rendered":"<p>Schnell einziehende Pflegelotion f\u00fcr den ganzen K\u00f6rper \u2013 extra sensitiv!<\/p>\n<ul>\n<li>Ohne Duft- und Farbstoffe<\/li>\n<li>F\u00fcr den Lebensmittelbereich geeignet<\/li>\n<li>F\u00fcr alle Hauttypen<\/li>\n<li>Zur t\u00e4glichen Hautpflege<\/li>\n<\/ul>\n","protected":false},"featured_media":2287,"comment_status":"open","ping_status":"closed","template":"","meta":{"_seopress_robots_primary_cat":"","_seopress_titles_title":"","_seopress_titles_desc":"","_seopress_robots_index":""},"product_brand":[],"product_cat":[118],"product_tag":[370,287,249,252,354,185,364,372,368,359,360,352,355,356,245,371,182,190,345,251,291,362,247,348,358,353,357,361,363,366,365,374,350,347,369,373,346,367,349,375,351],"class_list":{"0":"post-2277","1":"product","2":"type-product","3":"status-publish","4":"has-post-thumbnail","6":"product_cat-lotion","7":"product_tag-acrylates-c10-30-alkyl-acrylate-crosspolymer","8":"product_tag-alle-hauttypen","9":"product_tag-anwendung","10":"product_tag-aqua","11":"product_tag-arbeitsende","12":"product_tag-arbeitspausen","13":"product_tag-butyrospermum-parkii-butter","14":"product_tag-caprylyl-glycol","15":"product_tag-dipropylene-glycol","16":"product_tag-duenn-auftragen","17":"product_tag-einmassieren","18":"product_tag-ergiebig","19":"product_tag-fingerkuppen","20":"product_tag-fingerzwischenraeume","21":"product_tag-geschmeidige-haut","22":"product_tag-glyceryl-caprylate","23":"product_tag-haende","24":"product_tag-haut","25":"product_tag-hautpflegelotion","26":"product_tag-inci","27":"product_tag-ingredients","28":"product_tag-isopropyl-palmitate","29":"product_tag-lebensmittelbereich","30":"product_tag-mandeloel","31":"product_tag-nach-dem-duschen","32":"product_tag-nach-dem-haendewaschen","33":"product_tag-nagelfalze","34":"product_tag-paraffinum-liquidum","35":"product_tag-polyglyceryl-3-polyricinoleate","36":"product_tag-propylene-glycol","37":"product_tag-prunus-amygdalus-dulcis-oil","38":"product_tag-ref-20050014","39":"product_tag-schnell-einziehend","40":"product_tag-shea-butter","41":"product_tag-sodium-carbomer","42":"product_tag-sodium-hydroxide","43":"product_tag-taegliche-entspannung","44":"product_tag-tocopheryl-acetate","45":"product_tag-vitamin-e","46":"product_tag-warengruppe-ap","47":"product_tag-weiche-haut","50":"instock","51":"shipping-taxable","52":"purchasable","53":"product-type-variable"},"_links":{"self":[{"href":"https:\/\/wundshop.v2202409233605284516.goodsrv.de\/index.php?rest_route=\/wp\/v2\/product\/2277","targetHints":{"allow":["GET"]}}],"collection":[{"href":"https:\/\/wundshop.v2202409233605284516.goodsrv.de\/index.php?rest_route=\/wp\/v2\/product"}],"about":[{"href":"https:\/\/wundshop.v2202409233605284516.goodsrv.de\/index.php?rest_route=\/wp\/v2\/types\/product"}],"replies":[{"embeddable":true,"href":"https:\/\/wundshop.v2202409233605284516.goodsrv.de\/index.php?rest_route=%2Fwp%2Fv2%2Fcomments&post=2277"}],"version-history":[{"count":2,"href":"https:\/\/wundshop.v2202409233605284516.goodsrv.de\/index.php?rest_route=\/wp\/v2\/product\/2277\/revisions"}],"predecessor-version":[{"id":2288,"href":"https:\/\/wundshop.v2202409233605284516.goodsrv.de\/index.php?rest_route=\/wp\/v2\/product\/2277\/revisions\/2288"}],"wp:featuredmedia":[{"embeddable":true,"href":"https:\/\/wundshop.v2202409233605284516.goodsrv.de\/index.php?rest_route=\/wp\/v2\/media\/2287"}],"wp:attachment":[{"href":"https:\/\/wundshop.v2202409233605284516.goodsrv.de\/index.php?rest_route=%2Fwp%2Fv2%2Fmedia&parent=2277"}],"wp:term":[{"taxonomy":"product_brand","embeddable":true,"href":"https:\/\/wundshop.v2202409233605284516.goodsrv.de\/index.php?rest_route=%2Fwp%2Fv2%2Fproduct_brand&post=2277"},{"taxonomy":"product_cat","embeddable":true,"href":"https:\/\/wundshop.v2202409233605284516.goodsrv.de\/index.php?rest_route=%2Fwp%2Fv2%2Fproduct_cat&post=2277"},{"taxonomy":"product_tag","embeddable":true,"href":"https:\/\/wundshop.v2202409233605284516.goodsrv.de\/index.php?rest_route=%2Fwp%2Fv2%2Fproduct_tag&post=2277"}],"curies":[{"name":"wp","href":"https:\/\/api.w.org\/{rel}","templated":true}]}}