{"id":2253,"date":"2025-01-25T19:16:04","date_gmt":"2025-01-25T18:16:04","guid":{"rendered":"https:\/\/wundshop.v2202409233605284516.goodsrv.de\/?post_type=product&#038;p=2253"},"modified":"2025-01-25T19:30:53","modified_gmt":"2025-01-25T18:30:53","slug":"handwaschpaste-aktivin-xtrascrub","status":"publish","type":"product","link":"https:\/\/wundshop.v2202409233605284516.goodsrv.de\/?product=handwaschpaste-aktivin-xtrascrub","title":{"rendered":"Handwaschpaste Aktivin\u00ae XtraScrub"},"content":{"rendered":"<h2 class=\"sqGkiQr o__5g37oh---typography-11-runningText o__5g37oh---priority-7-primary _HOcyB x4nptw sxbtulv\" aria-hidden=\"false\" data-hook=\"info-section-title\">Produktinformationen &#8220;Handwaschpaste XtraScrub&#8221;<\/h2>\n<div class=\"aecizt QfrfFD cell\"><\/div>\n<div class=\"rah-static rah-static--height-auto\" aria-hidden=\"false\">\n<div>\n<div class=\"ulKuLk QfrfFD cell\">\n<div class=\"zp8uy2\" data-hook=\"info-section-description\">\n<div>\n<p>Starker Handreiniger f\u00fcr wechselnde Einsatzbereiche. Gegen grobe, hartn\u00e4ckige und tiefsitzende Verschmutzungen z. B. durch Fett, Kalk, \u00d6l, Ru\u00df, Schmierstoffe, Zement, Bitumen etc. Mit nat\u00fcrlichen, hautschonenden Reibek\u00f6rpern aus Walnussschalenmehl sowie pflegenden und r\u00fcckfettenden Komponenten. Verursacht kein Verstopfen von Abfl\u00fcssen.<\/p>\n<p>Anwendung<\/p>\n<p>Zun\u00e4chst ohne Wasser unverd\u00fcnnt auf den verschmutzten H\u00e4nden gut verreiben bis sich der Schmutz l\u00f6st. Mit wenig Wasser weiter waschen. Abschlie\u00dfend gr\u00fcndlich unter flie\u00dfendem Wasser absp\u00fclen.<\/p>\n<p>Ingredients (INCI)<\/p>\n<p>AQUA, JUGLANS REGIA SHELL POWDER, LAURETH &#8211; 6, SULFATED CASTOR OIL, SODIUM LAURETH SULFATE, SODIUM CHLORIDE, OLEIC ACID, TITANIUM DIOXIDE, COCO GLUCOSIDE, GLYCERYL OLEATE, PANTHENOL, CELLULOSE GUM, CITRIC ACID, XANTHAN GUM, SODIUM BENZOATE, POTASSIUM SORBATE, PARFUM<\/p>\n<p>&nbsp;<\/p>\n<\/div>\n<div>\n<table style=\"height: 115px;\" width=\"253\">\n<tbody>\n<tr>\n<td>REF<\/td>\n<td>20741400<\/td>\n<\/tr>\n<tr>\n<td>Warengruppe<\/td>\n<td>AR<\/td>\n<\/tr>\n<tr>\n<td>Reinigungsgrad<\/td>\n<td>3<\/td>\n<\/tr>\n<\/tbody>\n<\/table>\n<\/div>\n<\/div>\n<\/div>\n<\/div>\n<\/div>\n","protected":false},"excerpt":{"rendered":"<p>Extra stark bei tiefsitzenden Verschmutzungen<\/p>\n<ul>\n<li>Gegen starke Verschmutzungen, z.B. durch Fett, Kalk, \u00d6l, Ru\u00df, Schmierstoffe und Zement<\/li>\n<li>Naturreibek\u00f6rper aus Walnussschalenmehl<\/li>\n<li>L\u00f6semittelfrei<\/li>\n<li>Enth\u00e4lt r\u00fcckfettende und pflegende Komponente<\/li>\n<li>Stark und hautschonend zugleich<\/li>\n<li>Verursacht kein Verstopfen von Abfl\u00fcssen<\/li>\n<li>Mikroplastikfrei<\/li>\n<\/ul>\n<p>Reinigungsgrad\u00a0\u2778<\/p>\n","protected":false},"featured_media":2258,"comment_status":"open","ping_status":"closed","template":"","meta":{"_seopress_robots_primary_cat":"","_seopress_titles_title":"","_seopress_titles_desc":"","_seopress_robots_index":""},"product_brand":[],"product_cat":[153],"product_tag":[242,249,252,318,328,303,297,314,296,311,232,312,320,251,291,323,315,257,319,322,279,325,327,304,321,331,285,282,316,330,294,292,310,324,313,326,241,329,309,317],"class_list":{"0":"post-2253","1":"product","2":"type-product","3":"status-publish","4":"has-post-thumbnail","6":"product_cat-hautpflegeprodukte","7":"product_tag-abfluss","8":"product_tag-anwendung","9":"product_tag-aqua","10":"product_tag-bitumen","11":"product_tag-cellulose-gum","12":"product_tag-citric-acid","13":"product_tag-coco-glucoside","14":"product_tag-fett","15":"product_tag-glyceryl-oleate","16":"product_tag-grobe-verschmutzungen","17":"product_tag-handwaschpaste","18":"product_tag-hartnaeckige-verschmutzungen","19":"product_tag-hautschonend","20":"product_tag-inci","21":"product_tag-ingredients","22":"product_tag-juglans-regia-shell-powder","23":"product_tag-kalk","24":"product_tag-laureth-6","25":"product_tag-natuerliche-reibekoerper","26":"product_tag-ohne-wasser","27":"product_tag-oel","28":"product_tag-oleic-acid","29":"product_tag-panthenol","30":"product_tag-parfum","31":"product_tag-pflegend","32":"product_tag-potassium-sorbate","33":"product_tag-rueckfettend","34":"product_tag-russ","35":"product_tag-schmierstoffe","36":"product_tag-sodium-benzoate","37":"product_tag-sodium-chloride","38":"product_tag-sodium-laureth-sulfate","39":"product_tag-starker-handreiniger","40":"product_tag-sulfated-castor-oil","41":"product_tag-tiefsitzende-verschmutzungen","42":"product_tag-titanium-dioxide","43":"product_tag-walnussschalenmehl","44":"product_tag-xanthan-gum","45":"product_tag-xtrascrub","46":"product_tag-zement","49":"instock","50":"shipping-taxable","51":"purchasable","52":"product-type-variable"},"_links":{"self":[{"href":"https:\/\/wundshop.v2202409233605284516.goodsrv.de\/index.php?rest_route=\/wp\/v2\/product\/2253","targetHints":{"allow":["GET"]}}],"collection":[{"href":"https:\/\/wundshop.v2202409233605284516.goodsrv.de\/index.php?rest_route=\/wp\/v2\/product"}],"about":[{"href":"https:\/\/wundshop.v2202409233605284516.goodsrv.de\/index.php?rest_route=\/wp\/v2\/types\/product"}],"replies":[{"embeddable":true,"href":"https:\/\/wundshop.v2202409233605284516.goodsrv.de\/index.php?rest_route=%2Fwp%2Fv2%2Fcomments&post=2253"}],"version-history":[{"count":5,"href":"https:\/\/wundshop.v2202409233605284516.goodsrv.de\/index.php?rest_route=\/wp\/v2\/product\/2253\/revisions"}],"predecessor-version":[{"id":2264,"href":"https:\/\/wundshop.v2202409233605284516.goodsrv.de\/index.php?rest_route=\/wp\/v2\/product\/2253\/revisions\/2264"}],"wp:featuredmedia":[{"embeddable":true,"href":"https:\/\/wundshop.v2202409233605284516.goodsrv.de\/index.php?rest_route=\/wp\/v2\/media\/2258"}],"wp:attachment":[{"href":"https:\/\/wundshop.v2202409233605284516.goodsrv.de\/index.php?rest_route=%2Fwp%2Fv2%2Fmedia&parent=2253"}],"wp:term":[{"taxonomy":"product_brand","embeddable":true,"href":"https:\/\/wundshop.v2202409233605284516.goodsrv.de\/index.php?rest_route=%2Fwp%2Fv2%2Fproduct_brand&post=2253"},{"taxonomy":"product_cat","embeddable":true,"href":"https:\/\/wundshop.v2202409233605284516.goodsrv.de\/index.php?rest_route=%2Fwp%2Fv2%2Fproduct_cat&post=2253"},{"taxonomy":"product_tag","embeddable":true,"href":"https:\/\/wundshop.v2202409233605284516.goodsrv.de\/index.php?rest_route=%2Fwp%2Fv2%2Fproduct_tag&post=2253"}],"curies":[{"name":"wp","href":"https:\/\/api.w.org\/{rel}","templated":true}]}}