{"id":2246,"date":"2025-01-24T20:45:59","date_gmt":"2025-01-24T19:45:59","guid":{"rendered":"https:\/\/wundshop.v2202409233605284516.goodsrv.de\/?post_type=product&#038;p=2246"},"modified":"2025-01-24T20:52:21","modified_gmt":"2025-01-24T19:52:21","slug":"waschlotion-aktivin-greenbuddy","status":"publish","type":"product","link":"https:\/\/wundshop.v2202409233605284516.goodsrv.de\/?product=waschlotion-aktivin-greenbuddy","title":{"rendered":"Waschlotion Aktivin\u00ae GreenBuddy"},"content":{"rendered":"<h2 class=\"sqGkiQr o__5g37oh---typography-11-runningText o__5g37oh---priority-7-primary _HOcyB x4nptw sxbtulv\" aria-hidden=\"false\" data-hook=\"info-section-title\">Produktinformationen &#8220;Waschlotion GreenBuddy&#8221;<\/h2>\n<div class=\"aecizt QfrfFD cell\"><\/div>\n<div class=\"rah-static rah-static--height-auto\" aria-hidden=\"false\">\n<div>\n<div class=\"ulKuLk QfrfFD cell\">\n<div class=\"zp8uy2\" data-hook=\"info-section-description\">\n<div>\n<p>Fl\u00fcssigseife mit frischem Apfelduft. Gegen leichte bis mittlere Verschmutzungen durch \u00d6l, Graphit, Metallstaub, Ru\u00df, Fette und Farben. R\u00fcckfettende Komponenten verhindern das Austrocknen der Haut, dadurch auch sehr gut zur Ganzk\u00f6rperreinigung und f\u00fcr alle Hauttypen geeignet.<\/p>\n<p>Ohne L\u00f6semittel und Reibek\u00f6rper.<\/p>\n<p>Anwendung:<\/p>\n<p>Zur H\u00e4ndewaschung 1 &#8211; 2 ml unverd\u00fcnnt auf die trockenen, verschmutzten H\u00e4nde auftragen, gut verreiben bis sich der Schmutz l\u00f6st. Mit Wasser weiterwaschen, aufsch\u00e4umen. Gr\u00fcndlich nachwaschen und unter flie\u00dfendem Wasser absp\u00fclen. Zur K\u00f6rperwaschung 2 &#8211; 3 ml verwenden.<\/p>\n<p>Ingredients (INCI):<\/p>\n<p>AQUA, SODIUM LAURETH SULFATE, COCAMIDOPROPYL BETAINE, SODIUM CHLORIDE, DISODIUM PEG-4 COCAMIDO MIPA -SULFOSUCCINATE, GLYCERYL OLEATE, COCO GLUCOSIDE, PPG-2 METHYLETHER, BENZYL ALCOHOL, 2-BROMO-2-NITROPROPANE-1,3-DIOL, IODOPROPYNYL BUTYLCARBAMATE, CITRIC ACID, PARFUM, CI 47005, CI 74260<\/p>\n<p>&nbsp;<\/p>\n<\/div>\n<div>\n<table>\n<tbody>\n<tr>\n<td>REF<\/td>\n<td>20742018<\/td>\n<\/tr>\n<tr>\n<td>Warengruppe<\/td>\n<td>AR<\/td>\n<\/tr>\n<tr>\n<td>Reinigungsgrad<\/td>\n<td>2<\/td>\n<\/tr>\n<\/tbody>\n<\/table>\n<\/div>\n<\/div>\n<\/div>\n<\/div>\n<\/div>\n","protected":false},"excerpt":{"rendered":"<div id=\"bgLayers_comp-lgclpz69\" class=\"MW5IWV\" data-hook=\"bgLayers\" data-motion-part=\"BG_LAYER comp-lgclpz69\">\n<div id=\"bgMedia_comp-lgclpz69\" class=\"VgO9Yg\" data-motion-part=\"BG_MEDIA comp-lgclpz69\">Erfrischende Waschlotion f\u00fcr K\u00f6rper und H\u00e4nde<\/div>\n<\/div>\n<div class=\"\" data-mesh-id=\"comp-lgclpz69inlineContent\" data-testid=\"inline-content\">\n<div data-mesh-id=\"comp-lgclpz69inlineContent-gridContainer\" data-testid=\"mesh-container-content\">\n<div id=\"TPAMultiSection_lgci09hg\" class=\"TWFxr5 \">\n<div class=\"TPAMultiSection_lgci09hg\">\n<div data-hook=\"tpa-components-provider\">\n<div data-hook=\"tpa-components-provider\">\n<div class=\"l7SIaB layout__classic isDesktop\" data-hook=\"product-page\" data-layout-name=\"classic\">\n<article class=\"GVYGm5\">\n<div class=\"tfRE5M\">\n<section class=\"Jgs2b9\">\n<div class=\"WAZqE7 QfrfFD cell\">\n<section class=\"Va_ZoC\" data-hook=\"description-wrapper\">\n<div class=\"LvOu6J\">\n<div class=\"vaI0UH\" data-hook=\"content-wrapper\">\n<ul>\n<li>Gegen leichte bis mittlere Verschmutzungen<\/li>\n<li>Zum Waschen und Duschen<\/li>\n<li>Dezenter Apfelduft<\/li>\n<li>Frei von L\u00f6semitteln und Reibek\u00f6rpern<\/li>\n<li>F\u00fcr alle Hauttypen<\/li>\n<\/ul>\n<p>Reinigungsgrad\u00a0\u2777<\/p>\n<\/div>\n<\/div>\n<\/section>\n<\/div>\n<\/section>\n<\/div>\n<\/article>\n<\/div>\n<\/div>\n<\/div>\n<\/div>\n<\/div>\n<\/div>\n<\/div>\n","protected":false},"featured_media":2247,"comment_status":"open","ping_status":"closed","template":"","meta":{"_seopress_robots_primary_cat":"","_seopress_titles_title":"","_seopress_titles_desc":"","_seopress_robots_index":""},"product_brand":[],"product_cat":[153],"product_tag":[300,308,307,301,287,249,277,252,269,299,305,306,303,293,297,295,284,283,276,286,296,280,275,289,244,251,291,302,290,278,246,281,236,288,279,304,298,266,270,285,282,294,292,268,274],"class_list":{"0":"post-2246","1":"product","2":"type-product","3":"status-publish","4":"has-post-thumbnail","6":"product_cat-hautpflegeprodukte","7":"product_tag-2-bromo-2-nitropropane-1","8":"product_tag-308","9":"product_tag-307","10":"product_tag-3-diol","11":"product_tag-alle-hauttypen","12":"product_tag-anwendung","13":"product_tag-apfelduft","14":"product_tag-aqua","15":"product_tag-ar","16":"product_tag-benzyl-alcohol","17":"product_tag-ci-47005","18":"product_tag-ci-74260","19":"product_tag-citric-acid","20":"product_tag-cocamidopropyl-betaine","21":"product_tag-coco-glucoside","22":"product_tag-disodium-peg-4-cocamido-mipa-sulfosuccinate","23":"product_tag-farben","24":"product_tag-fette","25":"product_tag-fluessigseife","26":"product_tag-ganzkoerperreinigung","27":"product_tag-glyceryl-oleate","28":"product_tag-graphit","29":"product_tag-greenbuddy","30":"product_tag-haendewaschung","31":"product_tag-hautpflege","32":"product_tag-inci","33":"product_tag-ingredients","34":"product_tag-iodopropynyl-butylcarbamate","35":"product_tag-koerperwaschung","36":"product_tag-leichte-verschmutzungen","37":"product_tag-loesemittelfrei","38":"product_tag-metallstaub","39":"product_tag-mittlere-verschmutzungen","40":"product_tag-ohne-reibekoerper","41":"product_tag-oel","42":"product_tag-parfum","43":"product_tag-ppg-2-methylether","44":"product_tag-referenz","45":"product_tag-reinigungsgrad","46":"product_tag-rueckfettend","47":"product_tag-russ","48":"product_tag-sodium-chloride","49":"product_tag-sodium-laureth-sulfate","50":"product_tag-warengruppe","51":"product_tag-waschlotion","54":"instock","55":"shipping-taxable","56":"purchasable","57":"product-type-variable"},"_links":{"self":[{"href":"https:\/\/wundshop.v2202409233605284516.goodsrv.de\/index.php?rest_route=\/wp\/v2\/product\/2246","targetHints":{"allow":["GET"]}}],"collection":[{"href":"https:\/\/wundshop.v2202409233605284516.goodsrv.de\/index.php?rest_route=\/wp\/v2\/product"}],"about":[{"href":"https:\/\/wundshop.v2202409233605284516.goodsrv.de\/index.php?rest_route=\/wp\/v2\/types\/product"}],"replies":[{"embeddable":true,"href":"https:\/\/wundshop.v2202409233605284516.goodsrv.de\/index.php?rest_route=%2Fwp%2Fv2%2Fcomments&post=2246"}],"version-history":[{"count":1,"href":"https:\/\/wundshop.v2202409233605284516.goodsrv.de\/index.php?rest_route=\/wp\/v2\/product\/2246\/revisions"}],"predecessor-version":[{"id":2249,"href":"https:\/\/wundshop.v2202409233605284516.goodsrv.de\/index.php?rest_route=\/wp\/v2\/product\/2246\/revisions\/2249"}],"wp:featuredmedia":[{"embeddable":true,"href":"https:\/\/wundshop.v2202409233605284516.goodsrv.de\/index.php?rest_route=\/wp\/v2\/media\/2247"}],"wp:attachment":[{"href":"https:\/\/wundshop.v2202409233605284516.goodsrv.de\/index.php?rest_route=%2Fwp%2Fv2%2Fmedia&parent=2246"}],"wp:term":[{"taxonomy":"product_brand","embeddable":true,"href":"https:\/\/wundshop.v2202409233605284516.goodsrv.de\/index.php?rest_route=%2Fwp%2Fv2%2Fproduct_brand&post=2246"},{"taxonomy":"product_cat","embeddable":true,"href":"https:\/\/wundshop.v2202409233605284516.goodsrv.de\/index.php?rest_route=%2Fwp%2Fv2%2Fproduct_cat&post=2246"},{"taxonomy":"product_tag","embeddable":true,"href":"https:\/\/wundshop.v2202409233605284516.goodsrv.de\/index.php?rest_route=%2Fwp%2Fv2%2Fproduct_tag&post=2246"}],"curies":[{"name":"wp","href":"https:\/\/api.w.org\/{rel}","templated":true}]}}