{"id":2221,"date":"2025-01-24T19:56:03","date_gmt":"2025-01-24T18:56:03","guid":{"rendered":"https:\/\/wundshop.v2202409233605284516.goodsrv.de\/?post_type=product&#038;p=2221"},"modified":"2025-01-24T20:03:09","modified_gmt":"2025-01-24T19:03:09","slug":"hautschutzcreme-aktivin-beeprotect-50-ml","status":"publish","type":"product","link":"https:\/\/wundshop.v2202409233605284516.goodsrv.de\/?product=hautschutzcreme-aktivin-beeprotect-50-ml","title":{"rendered":"Hautschutzcreme Aktivin\u00ae BeeProtect, 50 ml"},"content":{"rendered":"<h2 class=\"sqGkiQr o__5g37oh---typography-11-runningText o__5g37oh---priority-7-primary _HOcyB x4nptw sxbtulv\" aria-hidden=\"false\" data-hook=\"info-section-title\">Produktinformationen &#8220;Hautschutzcreme BeeProtect&#8221;<\/h2>\n<div class=\"aecizt QfrfFD cell\"><\/div>\n<div class=\"rah-static rah-static--height-auto\" aria-hidden=\"false\">\n<div>\n<div class=\"ulKuLk QfrfFD cell\">\n<div class=\"zp8uy2\" data-hook=\"info-section-description\">\n<div>\n<p>Hautschutzcreme f\u00fcr optimalen Arbeitsschutz<\/p>\n<p>Hautschutzmittel unterst\u00fctzen die nat\u00fcrliche Barrierefunktion der Haut und beugen so Entz\u00fcndungen und Irritationen vor. Hautschutzcreme mit Bienenwachs sch\u00fctzt vor der Reizung der Haut durch wechselnde Schadstoffe und eignet sich so f\u00fcr Mitarbeiter in der Industrie genauso wie im Gesundheitswesen oder im Handel.<\/p>\n<p>Warum sind Hautschutzmittel am Arbeitsplatz notwendig?<\/p>\n<p>Prinzipiell sorgt Hautschutzcreme daf\u00fcr, dass der Haut Fette zur\u00fcckgegeben werden, die ihr etwa durch h\u00e4ufiges Waschen, den Aufenthalt in einer sehr trockenen Umgebung oder durch den Umgang mit hautreizenden Stoffen wie Laugen oder Desinfektionsmitteln entzogen wurden. Die Haut wird vor dem Austrocknen in den betroffenen Regionen gesch\u00fctzt. Au\u00dferdem wichtig f\u00fcr die Verwendung am Arbeitsplatz: Die Creme muss sehr schnell einziehen, so dass die Arbeit ohne gro\u00dfe Verz\u00f6gerungen fortgesetzt werden kann. Der Umgang mit feiner Mechanik oder kleinen Teilen ist so sehr schnell wieder m\u00f6glich.<\/p>\n<p>Betriebe sind beim Thema Hautschutz in der Pflicht<\/p>\n<p>Arbeitgeber sind gesetzlich verpflichtet, die Arbeitspl\u00e4tze auf m\u00f6gliche T\u00e4tigkeiten zu untersuchen, die die Haut ihrer Mitarbeiter gef\u00e4hrden k\u00f6nnten. Im Hinblick darauf sind die notwendigen Hautschutzmittel f\u00fcr den Arbeitsschutz bereitzustellen. Mit einem Hautschutz- und Hygieneplan k\u00f6nnen Betriebe und Einrichtungen die Anwendung im Arbeitsablauf genau definieren.<\/p>\n<p>Hautschutzcreme mit Bienenwachs<\/p>\n<p>Hautschutzmittel auf der Basis von nat\u00fcrlichem Bienenwachs eignen sich ideal f\u00fcr den Arbeitsschutz und sind besonders wohltuend bei rauer, rissiger und gereizter Haut. Das Wachs sch\u00fctzt die Haut vor Feuchtigkeitsverlust durch hautreizende Substanzen, macht sie geschmeidig und gl\u00e4ttet sie. Eine Hautschutzcreme dieser Art dient als optimaler Arbeitsschutz, wenn es um den Umgang mit verschiedenen aggressiven Arbeitsstoffen geht. Bienenwachs sch\u00fctzt auch sehr wirksam vor Desinfektionsmitteln, schwachen S\u00e4uren, alkalischen L\u00f6sungen und Reinigern auf chemischer Basis, die empfindliche H\u00e4nde schnell angreifen w\u00fcrden.<\/p>\n<p>Hautcreme richtig auftragen<\/p>\n<p>Sind die H\u00e4nde sauber und trocken, wird die Hautschutzcreme idealerweise auf den Handr\u00fccken gegeben und gleichm\u00e4\u00dfig verteilt. Hierbei d\u00fcrfen auch die Fingerzwischenr\u00e4ume, Nagelfalze und Fingerkuppen nicht vergessen werden. Anschlie\u00dfend kurz einmassieren. Fertig! Unsere Hautschutzcreme ist nicht nur wohltuend f\u00fcr die H\u00e4nde, sondern auch wohltuend f\u00fcr das Gesicht und die Halspartie. Wir empfehlen die Anwendung vor und nach der Arbeit, in den Arbeitspausen sowie nach dem Waschen. F\u00fcr die perfekte Erg\u00e4nzung k\u00f6nnen Sie in unserem Shop ein Hinweisschild f\u00fcr die Anwendung des Hautschutzes sowie ein Gebotszeichen zum Thema \u201eHautschutzmittel benutzen\u201c kaufen.<\/p>\n<p>&nbsp;<\/p>\n<\/div>\n<div>\n<table style=\"height: 93px;\" width=\"244\">\n<tbody>\n<tr>\n<td>REF<\/td>\n<td>20745020<\/td>\n<\/tr>\n<tr>\n<td>Warengruppe<\/td>\n<td>AS<\/td>\n<\/tr>\n<\/tbody>\n<\/table>\n<\/div>\n<\/div>\n<\/div>\n<\/div>\n<\/div>\n","protected":false},"excerpt":{"rendered":"<p>Hautschutzcreme mit Bienenwachs<\/p>\n<p>Zuverl\u00e4ssiger Schutz der Haut bei w\u00e4ssrigen und \u00f6ligen Arbeiten<\/p>\n<ul>\n<li>Zieht schnell ein<\/li>\n<li>Erleichtert die Handreinigung<\/li>\n<li>Beeintr\u00e4chtigt nicht das Tastgef\u00fchl<\/li>\n<li>Tube ideal zur Einzelabgabe an die Mitarbeiter<\/li>\n<li>Ideal auch f\u00fcr unterwegs<\/li>\n<\/ul>\n","protected":false},"featured_media":2223,"comment_status":"open","ping_status":"closed","template":"","meta":{"_seopress_robots_primary_cat":"","_seopress_titles_title":"","_seopress_titles_desc":"","_seopress_robots_index":""},"product_brand":[],"product_cat":[153],"product_tag":[178,185,156,155,161,179,171,180,159,176,187,175,183,164,184,182,165,167,181,166,169,154,157,130,186,172,163,160,170,158,173,174,162,177,168],"class_list":{"0":"post-2221","1":"product","2":"type-product","3":"status-publish","4":"has-post-thumbnail","6":"product_cat-hautpflegeprodukte","7":"product_tag-alkalische-loesungen","8":"product_tag-arbeitspausen","9":"product_tag-arbeitsschutz","10":"product_tag-beeprotect","11":"product_tag-bienenwachs","12":"product_tag-chemische-reiniger","13":"product_tag-desinfektionsmittel","14":"product_tag-empfindliche-haende","15":"product_tag-entzuendungen","16":"product_tag-feuchtigkeitsverlust","17":"product_tag-gebotszeichen","18":"product_tag-gereizte-haut","19":"product_tag-gesicht","20":"product_tag-gesundheitswesen","21":"product_tag-halspartie","22":"product_tag-haende","23":"product_tag-handel","24":"product_tag-haeufiges-waschen","25":"product_tag-hautcreme","26":"product_tag-hautfette","27":"product_tag-hautreizende-stoffe","28":"product_tag-hautschutzcreme","29":"product_tag-hautschutzmittel","30":"product_tag-hautschutzplan","31":"product_tag-hinweisschild","32":"product_tag-hygieneplan","33":"product_tag-industrie","34":"product_tag-irritationen","35":"product_tag-laugen","36":"product_tag-natuerliche-barrierefunktion","37":"product_tag-rau","38":"product_tag-rissig","39":"product_tag-schadstoffe","40":"product_tag-schwache-saeuren","41":"product_tag-trockene-umgebung","44":"instock","45":"shipping-taxable","46":"purchasable","47":"product-type-simple"},"_links":{"self":[{"href":"https:\/\/wundshop.v2202409233605284516.goodsrv.de\/index.php?rest_route=\/wp\/v2\/product\/2221","targetHints":{"allow":["GET"]}}],"collection":[{"href":"https:\/\/wundshop.v2202409233605284516.goodsrv.de\/index.php?rest_route=\/wp\/v2\/product"}],"about":[{"href":"https:\/\/wundshop.v2202409233605284516.goodsrv.de\/index.php?rest_route=\/wp\/v2\/types\/product"}],"replies":[{"embeddable":true,"href":"https:\/\/wundshop.v2202409233605284516.goodsrv.de\/index.php?rest_route=%2Fwp%2Fv2%2Fcomments&post=2221"}],"version-history":[{"count":2,"href":"https:\/\/wundshop.v2202409233605284516.goodsrv.de\/index.php?rest_route=\/wp\/v2\/product\/2221\/revisions"}],"predecessor-version":[{"id":2224,"href":"https:\/\/wundshop.v2202409233605284516.goodsrv.de\/index.php?rest_route=\/wp\/v2\/product\/2221\/revisions\/2224"}],"wp:featuredmedia":[{"embeddable":true,"href":"https:\/\/wundshop.v2202409233605284516.goodsrv.de\/index.php?rest_route=\/wp\/v2\/media\/2223"}],"wp:attachment":[{"href":"https:\/\/wundshop.v2202409233605284516.goodsrv.de\/index.php?rest_route=%2Fwp%2Fv2%2Fmedia&parent=2221"}],"wp:term":[{"taxonomy":"product_brand","embeddable":true,"href":"https:\/\/wundshop.v2202409233605284516.goodsrv.de\/index.php?rest_route=%2Fwp%2Fv2%2Fproduct_brand&post=2221"},{"taxonomy":"product_cat","embeddable":true,"href":"https:\/\/wundshop.v2202409233605284516.goodsrv.de\/index.php?rest_route=%2Fwp%2Fv2%2Fproduct_cat&post=2221"},{"taxonomy":"product_tag","embeddable":true,"href":"https:\/\/wundshop.v2202409233605284516.goodsrv.de\/index.php?rest_route=%2Fwp%2Fv2%2Fproduct_tag&post=2221"}],"curies":[{"name":"wp","href":"https:\/\/api.w.org\/{rel}","templated":true}]}}