{"id":2159,"date":"2025-01-24T18:58:12","date_gmt":"2025-01-24T17:58:12","guid":{"rendered":"https:\/\/wundshop.v2202409233605284516.goodsrv.de\/?post_type=product&#038;p=2159"},"modified":"2025-01-24T19:42:50","modified_gmt":"2025-01-24T18:42:50","slug":"hautschutzlotion-aktivin-handhero","status":"publish","type":"product","link":"https:\/\/wundshop.v2202409233605284516.goodsrv.de\/?product=hautschutzlotion-aktivin-handhero","title":{"rendered":"Hautschutzlotion Aktivin\u00ae HandHero"},"content":{"rendered":"<h2 class=\"sqGkiQr o__5g37oh---typography-11-runningText o__5g37oh---priority-7-primary _HOcyB x4nptw sxbtulv\" aria-hidden=\"false\" data-hook=\"info-section-title\">Produktinformationen &#8220;Hautschutzlotion HandHero&#8221;<\/h2>\n<div class=\"aecizt QfrfFD cell\"><\/div>\n<div class=\"rah-static rah-static--height-auto\" aria-hidden=\"false\">\n<div>\n<div class=\"ulKuLk QfrfFD cell\">\n<div class=\"zp8uy2\" data-hook=\"info-section-description\">\n<div>\n<p>Anwendung der Lotion<\/p>\n<p>F\u00fcr den optimalen Schutz am Arbeitsplatz, tragen Sie Aktivin\u00ae HandHero am besten vor der Arbeit und nach jeder Reinigung auf die saubere, trockene Haut auf und verteilen es sorgf\u00e4ltig. Unsere Hautschutzlotion ist \u00e4u\u00dferst ergiebig, ein Spender-Hub gen\u00fcgt in der Regel. F\u00fcr eine einfache und hygienische Anwendung in gr\u00f6\u00dferen Betrieben bieten wir zudem die passenden Spender.<\/p>\n<p>Hautschutz-Lotion oder Hautschutz-Creme?<\/p>\n<p>Ebenso wie viele Hautschutz-Cremes basiert auch unsere Lotion Aktivin\u00ae HandHero auf einer \u00d6l-in-Wasser-Emulsionen (O\/W-Emulsion), also einem geringen Anteil \u00d6l gemischt in einem gro\u00dfen Anteil Wasser. Hochwertige Cremes und Lotionen sind damit generell nicht fettend, regulieren aber hervorragend den Feuchtigkeitshaushalt der Haut. Das hei\u00dft, sie pflegen und sch\u00fctzen, ohne einen unangenehmen Film zu hinterlassen. Eine Lotion bietet dar\u00fcber hinaus den Vorteil, dass sie sehr schnell und tief einzieht. Da wir auch bei den restlichen Bestandteilen besonderen Wert auf einen r\u00fcckstandsfreien Schutz legen, gibt es mit der Aktivin\u00ae HandHero Hautschutzlotion keine st\u00f6renden Abdr\u00fccke auf Werkst\u00fccken \u2013 So haben Sie immer alles perfekt im Griff!<\/p>\n<p>Handschutz + Hautschutz<\/p>\n<p>Aktivin\u00ae HandHero bildet dank seiner einzigartigen Wirkstoffkombination eine elastische, griffige und vor allem atmungsaktive Schutzschicht. Damit ist es die ideale Erg\u00e4nzung, wenn Schutzhandschuhe am Arbeitsplatz getragen werden m\u00fcssen. Das milde Hautschutzmittel reagiert nicht mit den Handschuhen und beeintr\u00e4chtigt so auch nicht deren Schutzwirkung. Umgekehrt sch\u00fctzt es jedoch die Haut vor Feuchtigkeitsverlust und Reizungen, die Handschutz-Produkte verursachen k\u00f6nnen. Wichtig ist, dass ein Hautschutzmittel nicht den Handschutz ersetzen kann. Hautschutzmittel sollen die Bildung von Ekzemen durch eine permanente Beanspruchung der Haut verhindern.<\/p>\n<p>Arbeitsschutzgesetz verpflichtet zu Hautschutz<\/p>\n<p>Je nach Gef\u00e4hrdungsbeurteilung verlangt das Arbeitsschutzgesetz unterschiedliche L\u00f6sungen f\u00fcr Schutz, Reinigung und Pflege der Haut. Als universelles Hautschutzmittel ist Aktivin\u00ae HandHero f\u00fcr eine Vielzahl von Gef\u00e4hrdungen und Arbeitssituationen die perfekte Wahl. Der Allrounder sollte daher in fast keinem Hautschutzplan fehlen.<\/p>\n<p>F\u00fcr jede Arbeitssituation ein individueller Hautschutzplan<\/p>\n<p>Gerne erstellen Ihnen unsere Au\u00dfendienstmitarbeiter im pers\u00f6nlichen Gespr\u00e4ch individuelle Hautschutzpl\u00e4ne, die genau auf die Anforderungen der jeweiligen Arbeitspl\u00e4tze angepasst sind. Der Hautschutzplan zeigt den Kollegen und Mitarbeitern auf einen Blick, welche Ma\u00dfnahmen zum Schutz, zur Reinigung und zur Pflege der Haut f\u00fcr ihren Arbeitsplatz sinnvoll sind. Fragen Sie uns \u00fcber das Kontaktformular einfach an.<\/p>\n<p>Purer Schutz f\u00fcr Lebensmittelbetriebe und Zulieferer<\/p>\n<p>Als eines unserer WERO PUR-Produkte ist Aktivin\u00ae HandHero frei von Duft- und Farbstoffen, eignet sich hervorragend f\u00fcr empfindliche Haut, ist hypoallergen und speziell f\u00fcr den Einsatz in der Lebensmittelindustrie zugelassen. Aktivin\u00ae HandHero erf\u00fcllt sowohl die HACCP-Norm (Hazard Analysis and Critical Control Points) als auch die IFS Standards.<\/p>\n<p>Ingredients (INCI):<\/p>\n<p>AQUA, ALCOHOL DENAT., GLYCERIN, CETEARYL ALCOHOL, POLYGLYCERYL-6 DISTEARATE, TRIACONTANYL PVP, DISODIUM LAURYL SULFOSUCCINATE, SODIUM COCO-SULFATE, TRITICUM VULGARE STARCH, DICAPRYLYL CARBONATE, JOJOBA ESTERS, LAURYL PCA, POLYGLYCERYL-3 BEESWAX, HYDROGENATED PALM GLYCERIDES, CETYL ALCOHOL, GLYCERYL STEARATE, XANTHAN GUM, TITANIUM DIOXIDE, CITRIC ACID, SODIUM BENZOATE, POTASSIUM SORBATE<\/p>\n<p>&nbsp;<\/p>\n<\/div>\n<div>\n<table style=\"height: 111px;\" width=\"254\">\n<tbody>\n<tr>\n<td>REF<\/td>\n<td>20745150<\/td>\n<\/tr>\n<tr>\n<td>Warengruppe<\/td>\n<td>AS<\/td>\n<\/tr>\n<tr>\n<td>Inhalt<\/td>\n<td>125 ml<\/td>\n<\/tr>\n<\/tbody>\n<\/table>\n<\/div>\n<\/div>\n<\/div>\n<\/div>\n<\/div>\n","protected":false},"excerpt":{"rendered":"<p>Universell einsetzbare Hautschutzlotion von WERO f\u00fcr den t\u00e4glichen Schutz der H\u00e4nde bei wasserl\u00f6slichen und unl\u00f6slichen Arbeitsstoffen.<\/p>\n<p>Aktivin\u00ae HandHero gibt es in der 125 ml Flasche sowie 500 ml und 1000 ml Spenderflasche.<\/p>\n<ul>\n<li>Universell einsetzbar<\/li>\n<li>Sch\u00fctzt vor Hautreizungen<\/li>\n<li>Schnell einziehend \u2013 keine R\u00fcckst\u00e4nde<\/li>\n<li>Nicht fettend \u2013 fester Griff<\/li>\n<li>Unter Handschuhen verwendbar<\/li>\n<li>Sehr sparsam in der Anwendung<\/li>\n<li>Keine Duft- und Farbstoffe<\/li>\n<li>Auch f\u00fcr sensible Haut<\/li>\n<li>Geeignet f\u00fcr Lebensmittelbereich (PUR-Produkt)<\/li>\n<\/ul>\n","protected":false},"featured_media":0,"comment_status":"open","ping_status":"closed","template":"","meta":{"_seopress_robots_primary_cat":"","_seopress_titles_title":"","_seopress_titles_desc":"","_seopress_robots_index":""},"product_brand":[],"product_cat":[118],"product_tag":[145,121,129,126,134,128,137,146,135,124,143,140,132,120,119,130,136,133,142,141,131,122,125,123,144,127,139,138],"class_list":{"0":"post-2159","1":"product","2":"type-product","3":"status-publish","5":"product_cat-lotion","6":"product_tag-125-ml-inhalt","7":"product_tag-arbeitsplatzschutz","8":"product_tag-arbeitsschutzgesetz","9":"product_tag-atmungsaktive-schutzschicht","10":"product_tag-duftstofffrei","11":"product_tag-ekzeme-praevention","12":"product_tag-empfindliche-haut","13":"product_tag-ergiebig-ein-spender-hub","14":"product_tag-farbstofffrei","15":"product_tag-feuchtigkeitsregulierung","16":"product_tag-gefaehrdungsbeurteilung","17":"product_tag-geringe-fettung","18":"product_tag-haccp-konform","19":"product_tag-handschutz","20":"product_tag-hautschutzlotion","21":"product_tag-hautschutzplan","22":"product_tag-hypoallergen","23":"product_tag-ifs-standards","24":"product_tag-individuelle-beratung","25":"product_tag-kein-film-auf-der-haut","26":"product_tag-lebensmittelindustrie-geeignet","27":"product_tag-oel-in-wasser-emulsion","28":"product_tag-rueckstandsfreier-schutz","29":"product_tag-schnelles-einziehen","30":"product_tag-schutz-vor-feuchtigkeitsverlust","31":"product_tag-schutzhandschuhe-kompatibel","32":"product_tag-spender-system","33":"product_tag-wero-pur-produkt","36":"instock","37":"shipping-taxable","38":"purchasable","39":"product-type-variable","40":"has-default-attributes"},"_links":{"self":[{"href":"https:\/\/wundshop.v2202409233605284516.goodsrv.de\/index.php?rest_route=\/wp\/v2\/product\/2159","targetHints":{"allow":["GET"]}}],"collection":[{"href":"https:\/\/wundshop.v2202409233605284516.goodsrv.de\/index.php?rest_route=\/wp\/v2\/product"}],"about":[{"href":"https:\/\/wundshop.v2202409233605284516.goodsrv.de\/index.php?rest_route=\/wp\/v2\/types\/product"}],"replies":[{"embeddable":true,"href":"https:\/\/wundshop.v2202409233605284516.goodsrv.de\/index.php?rest_route=%2Fwp%2Fv2%2Fcomments&post=2159"}],"version-history":[{"count":2,"href":"https:\/\/wundshop.v2202409233605284516.goodsrv.de\/index.php?rest_route=\/wp\/v2\/product\/2159\/revisions"}],"predecessor-version":[{"id":2163,"href":"https:\/\/wundshop.v2202409233605284516.goodsrv.de\/index.php?rest_route=\/wp\/v2\/product\/2159\/revisions\/2163"}],"wp:attachment":[{"href":"https:\/\/wundshop.v2202409233605284516.goodsrv.de\/index.php?rest_route=%2Fwp%2Fv2%2Fmedia&parent=2159"}],"wp:term":[{"taxonomy":"product_brand","embeddable":true,"href":"https:\/\/wundshop.v2202409233605284516.goodsrv.de\/index.php?rest_route=%2Fwp%2Fv2%2Fproduct_brand&post=2159"},{"taxonomy":"product_cat","embeddable":true,"href":"https:\/\/wundshop.v2202409233605284516.goodsrv.de\/index.php?rest_route=%2Fwp%2Fv2%2Fproduct_cat&post=2159"},{"taxonomy":"product_tag","embeddable":true,"href":"https:\/\/wundshop.v2202409233605284516.goodsrv.de\/index.php?rest_route=%2Fwp%2Fv2%2Fproduct_tag&post=2159"}],"curies":[{"name":"wp","href":"https:\/\/api.w.org\/{rel}","templated":true}]}}